{"id":6,"date":"2017-03-14T11:09:19","date_gmt":"2017-03-14T11:09:19","guid":{"rendered":"http:\/\/www.kmtk.si\/?page_id=6"},"modified":"2026-02-22T15:20:01","modified_gmt":"2026-02-22T15:20:01","slug":"contact","status":"publish","type":"page","link":"http:\/\/www.kmtk.si\/index.php\/contact\/","title":{"rendered":"Kontakt"},"content":{"rendered":"<p id=\"intro\">Klub Mladih Tehnikov<br \/>\n<a href=\"https:\/\/www.google.si\/maps\/place\/Mladinska+ulica+6,+6000+Koper+-+Capodistria\/@45.5488201,13.7264848,17z\/data=%213m1%214b1%214m5%213m4%211s0x477b6895bd852fbb:0x97980113de854bdd%218m2%213d45.5488164%214d13.7286788\">Mladinska ulica 6<\/a><br \/>\n6000 Koper &#8211; Capodistria<\/p>\n<p>Gsm 041 673 721<\/p>\n<p>E-po\u0161ta: <a href=\"mailto:info.kmtk@gmail.com\">info.kmtk@gmail.com<\/a><\/p>\n<p>Klub mladih tehnikov se nahaja v sredi\u0161\u010du starega jedra Kopra za stavbo biv\u0161e Osnovne \u0161ole Janka Premrla Vojka. Iz Titovega trga se lahko odpravite po Kidri\u010devi ulici proti morju. Po pribli\u017eno petdesetih metrih (med optiko in knjigarno) zavijete na desno na Mladinsko ulico. Klub je v zadnji hi\u0161i na desno pred bloki.<\/p>\n","protected":false},"excerpt":{"rendered":"<p>Klub Mladih Tehnikov Mladinska ulica 6 6000 Koper &#8211; Capodistria Gsm 041 673 721 E-po\u0161ta: info.kmtk@gmail.com Klub mladih tehnikov se nahaja v sredi\u0161\u010du starega jedra Kopra za stavbo biv\u0161e Osnovne \u0161ole Janka Premrla Vojka. Iz Titovega trga se lahko odpravite po Kidri\u010devi ulici proti morju. Po pribli\u017eno petdesetih metrih (med optiko in knjigarno) zavijete na &hellip; <\/p>\n<p class=\"link-more\"><a href=\"http:\/\/www.kmtk.si\/index.php\/contact\/\" class=\"more-link\">Preberi ve\u010d<span class=\"screen-reader-text\"> &#8220;Kontakt&#8221;<\/span><\/a><\/p>\n","protected":false},"author":1,"featured_media":0,"parent":0,"menu_order":0,"comment_status":"closed","ping_status":"closed","template":"","meta":{"footnotes":""},"_links":{"self":[{"href":"http:\/\/www.kmtk.si\/index.php\/wp-json\/wp\/v2\/pages\/6"}],"collection":[{"href":"http:\/\/www.kmtk.si\/index.php\/wp-json\/wp\/v2\/pages"}],"about":[{"href":"http:\/\/www.kmtk.si\/index.php\/wp-json\/wp\/v2\/types\/page"}],"author":[{"embeddable":true,"href":"http:\/\/www.kmtk.si\/index.php\/wp-json\/wp\/v2\/users\/1"}],"replies":[{"embeddable":true,"href":"http:\/\/www.kmtk.si\/index.php\/wp-json\/wp\/v2\/comments?post=6"}],"version-history":[{"count":6,"href":"http:\/\/www.kmtk.si\/index.php\/wp-json\/wp\/v2\/pages\/6\/revisions"}],"predecessor-version":[{"id":524,"href":"http:\/\/www.kmtk.si\/index.php\/wp-json\/wp\/v2\/pages\/6\/revisions\/524"}],"wp:attachment":[{"href":"http:\/\/www.kmtk.si\/index.php\/wp-json\/wp\/v2\/media?parent=6"}],"curies":[{"name":"wp","href":"https:\/\/api.w.org\/{rel}","templated":true}]}}