{"id":507,"date":"2021-01-24T12:56:56","date_gmt":"2021-01-24T12:56:56","guid":{"rendered":"http:\/\/www.kmtk.si\/?page_id=507"},"modified":"2021-01-24T13:14:05","modified_gmt":"2021-01-24T13:14:05","slug":"projekti","status":"publish","type":"page","link":"http:\/\/www.kmtk.si\/index.php\/projekti\/","title":{"rendered":"Projekti"},"content":{"rendered":"\n<p>Da medtem, ko se ne vidimo, ne pozabite, kako biti modelar, imamo en majhen projekt za vas!<\/p>\n\n\n\n<p class=\"has-large-font-size\">Trokraki bumerang<\/p>\n\n\n\n<div class=\"wp-block-image\"><figure class=\"aligncenter size-large is-resized\"><img loading=\"lazy\" decoding=\"async\" src=\"https:\/\/3.bp.blogspot.com\/-KJh9o9xGB4o\/UPX1l71SsmI\/AAAAAAAAAcY\/bmtVWY7z7LY\/s1600\/Boomerang1.jpg\" alt=\"\" width=\"498\" height=\"373\"\/><\/figure><\/div>\n\n\n\n<p>Bumerang je zanimiva igra\u010da, ki se pojavlja v razli\u010dnih izpeljankah, od dvokrake do ve\u010dkrake oblike. Ker je izdelava klasi\u010dnega bumeranga kar zahtevno opravilo, si lahko z malo truda naredite trokraki bumerang, ki skoraj ne zaostaja za svojim pravim bratom!<\/p>\n\n\n\n<p class=\"has-medium-font-size\">Navodila za izdelavo<\/p>\n\n\n\n<p>Navodila za izdelavo lahko najdete na naslednji povezavi -&gt; <a href=\"https:\/\/ucilnice.arnes.si\/pluginfile.php\/3299989\/mod_resource\/content\/1\/Trokraki_Bumerang.pdf\">povezava<\/a><\/p>\n","protected":false},"excerpt":{"rendered":"<p>Da medtem, ko se ne vidimo, ne pozabite, kako biti modelar, imamo en majhen projekt za vas! Trokraki bumerang Bumerang je zanimiva igra\u010da, ki se pojavlja v razli\u010dnih izpeljankah, od dvokrake do ve\u010dkrake oblike. Ker je izdelava klasi\u010dnega bumeranga kar zahtevno opravilo, si lahko z malo truda naredite trokraki bumerang, ki skoraj ne zaostaja za &hellip; <\/p>\n<p class=\"link-more\"><a href=\"http:\/\/www.kmtk.si\/index.php\/projekti\/\" class=\"more-link\">Preberi ve\u010d<span class=\"screen-reader-text\"> &#8220;Projekti&#8221;<\/span><\/a><\/p>\n","protected":false},"author":1,"featured_media":0,"parent":0,"menu_order":0,"comment_status":"closed","ping_status":"closed","template":"","meta":{"footnotes":""},"_links":{"self":[{"href":"http:\/\/www.kmtk.si\/index.php\/wp-json\/wp\/v2\/pages\/507"}],"collection":[{"href":"http:\/\/www.kmtk.si\/index.php\/wp-json\/wp\/v2\/pages"}],"about":[{"href":"http:\/\/www.kmtk.si\/index.php\/wp-json\/wp\/v2\/types\/page"}],"author":[{"embeddable":true,"href":"http:\/\/www.kmtk.si\/index.php\/wp-json\/wp\/v2\/users\/1"}],"replies":[{"embeddable":true,"href":"http:\/\/www.kmtk.si\/index.php\/wp-json\/wp\/v2\/comments?post=507"}],"version-history":[{"count":3,"href":"http:\/\/www.kmtk.si\/index.php\/wp-json\/wp\/v2\/pages\/507\/revisions"}],"predecessor-version":[{"id":516,"href":"http:\/\/www.kmtk.si\/index.php\/wp-json\/wp\/v2\/pages\/507\/revisions\/516"}],"wp:attachment":[{"href":"http:\/\/www.kmtk.si\/index.php\/wp-json\/wp\/v2\/media?parent=507"}],"curies":[{"name":"wp","href":"https:\/\/api.w.org\/{rel}","templated":true}]}}