{"id":5,"date":"2017-03-14T11:09:19","date_gmt":"2017-03-14T11:09:19","guid":{"rendered":"http:\/\/www.kmtk.si\/?page_id=5"},"modified":"2026-01-23T17:18:08","modified_gmt":"2026-01-23T17:18:08","slug":"about","status":"publish","type":"page","link":"http:\/\/www.kmtk.si\/index.php\/about\/","title":{"rendered":"O klubu"},"content":{"rendered":"<p>Za\u010detki kluba segajo v leto 1962, ko navdu\u0161enci dajo na novo prenovljenemu objektu na Madinski ulici 6, v Kopru, ime &#8220;Dom mladih tehnikov&#8221; (DTM). V njem so \u017eivele tehni\u010dne dejavnosti pod okriljem okrajnega odbora ljudske tehnike. To so bili zlati \u010dasi masovnega ustvarjanja mladih na podro\u010dju modelarstva, forografije, elektronike, radioamaterstva, filma in kmetijske mehanizacije.<\/p>\n<figure id=\"attachment_422\" aria-describedby=\"caption-attachment-422\" style=\"width: 300px\" class=\"wp-caption alignnone\"><a href=\"http:\/\/www.kmtk.si\/wp-content\/uploads\/2017\/06\/Klub_V_Preteklosti.jpg\"><img loading=\"lazy\" decoding=\"async\" class=\"wp-image-422 size-medium\" src=\"http:\/\/www.kmtk.si\/wp-content\/uploads\/2017\/06\/Klub_V_Preteklosti-300x200.jpg\" alt=\"\" width=\"300\" height=\"200\" \/><\/a><figcaption id=\"caption-attachment-422\" class=\"wp-caption-text\">Dom mladih tehnikov<\/figcaption><\/figure>\n<p>Po razpadu okrajnih odborov ljudske tehnike je dejavnost za\u010dela financirato koprska ob\u010dina. V domu ostane Marcel Fi\u010dur, ki nalogo in\u0161truktorje opravlja do upokojitve.<\/p>\n<div id='gallery-1' class='gallery galleryid-5 gallery-columns-3 gallery-size-thumbnail'><figure class='gallery-item'>\n\t\t\t<div class='gallery-icon portrait'>\n\t\t\t\t<a href='http:\/\/www.kmtk.si\/wp-content\/uploads\/2017\/03\/IMG_0045.jpg'><img loading=\"lazy\" decoding=\"async\" width=\"150\" height=\"150\" src=\"http:\/\/www.kmtk.si\/wp-content\/uploads\/2017\/03\/IMG_0045-150x150.jpg\" class=\"attachment-thumbnail size-thumbnail\" alt=\"\" srcset=\"http:\/\/www.kmtk.si\/wp-content\/uploads\/2017\/03\/IMG_0045-150x150.jpg 150w, http:\/\/www.kmtk.si\/wp-content\/uploads\/2017\/03\/IMG_0045-100x100.jpg 100w\" sizes=\"100vw\" \/><\/a>\n\t\t\t<\/div><\/figure><figure class='gallery-item'>\n\t\t\t<div class='gallery-icon landscape'>\n\t\t\t\t<a href='http:\/\/www.kmtk.si\/wp-content\/uploads\/2017\/03\/IMG_0057.jpg'><img loading=\"lazy\" decoding=\"async\" width=\"150\" height=\"150\" src=\"http:\/\/www.kmtk.si\/wp-content\/uploads\/2017\/03\/IMG_0057-150x150.jpg\" class=\"attachment-thumbnail size-thumbnail\" alt=\"\" srcset=\"http:\/\/www.kmtk.si\/wp-content\/uploads\/2017\/03\/IMG_0057-150x150.jpg 150w, http:\/\/www.kmtk.si\/wp-content\/uploads\/2017\/03\/IMG_0057-100x100.jpg 100w\" sizes=\"100vw\" \/><\/a>\n\t\t\t<\/div><\/figure><figure class='gallery-item'>\n\t\t\t<div class='gallery-icon portrait'>\n\t\t\t\t<a href='http:\/\/www.kmtk.si\/wp-content\/uploads\/2017\/03\/IMG_0046.jpg'><img loading=\"lazy\" decoding=\"async\" width=\"150\" height=\"150\" src=\"http:\/\/www.kmtk.si\/wp-content\/uploads\/2017\/03\/IMG_0046-150x150.jpg\" class=\"attachment-thumbnail size-thumbnail\" alt=\"\" srcset=\"http:\/\/www.kmtk.si\/wp-content\/uploads\/2017\/03\/IMG_0046-150x150.jpg 150w, http:\/\/www.kmtk.si\/wp-content\/uploads\/2017\/03\/IMG_0046-100x100.jpg 100w\" sizes=\"100vw\" \/><\/a>\n\t\t\t<\/div><\/figure><figure class='gallery-item'>\n\t\t\t<div class='gallery-icon portrait'>\n\t\t\t\t<a href='http:\/\/www.kmtk.si\/wp-content\/uploads\/2017\/03\/IMG_0047.jpg'><img loading=\"lazy\" decoding=\"async\" width=\"150\" height=\"150\" src=\"http:\/\/www.kmtk.si\/wp-content\/uploads\/2017\/03\/IMG_0047-150x150.jpg\" class=\"attachment-thumbnail size-thumbnail\" alt=\"\" srcset=\"http:\/\/www.kmtk.si\/wp-content\/uploads\/2017\/03\/IMG_0047-150x150.jpg 150w, http:\/\/www.kmtk.si\/wp-content\/uploads\/2017\/03\/IMG_0047-100x100.jpg 100w\" sizes=\"100vw\" \/><\/a>\n\t\t\t<\/div><\/figure><figure class='gallery-item'>\n\t\t\t<div class='gallery-icon portrait'>\n\t\t\t\t<a href='http:\/\/www.kmtk.si\/wp-content\/uploads\/2017\/03\/IMG_0043.jpg'><img loading=\"lazy\" decoding=\"async\" width=\"150\" height=\"150\" src=\"http:\/\/www.kmtk.si\/wp-content\/uploads\/2017\/03\/IMG_0043-150x150.jpg\" class=\"attachment-thumbnail size-thumbnail\" alt=\"\" srcset=\"http:\/\/www.kmtk.si\/wp-content\/uploads\/2017\/03\/IMG_0043-150x150.jpg 150w, http:\/\/www.kmtk.si\/wp-content\/uploads\/2017\/03\/IMG_0043-100x100.jpg 100w\" sizes=\"100vw\" \/><\/a>\n\t\t\t<\/div><\/figure><figure class='gallery-item'>\n\t\t\t<div class='gallery-icon portrait'>\n\t\t\t\t<a href='http:\/\/www.kmtk.si\/wp-content\/uploads\/2017\/03\/IMG_0050.jpg'><img loading=\"lazy\" decoding=\"async\" width=\"150\" height=\"150\" src=\"http:\/\/www.kmtk.si\/wp-content\/uploads\/2017\/03\/IMG_0050-150x150.jpg\" class=\"attachment-thumbnail size-thumbnail\" alt=\"\" srcset=\"http:\/\/www.kmtk.si\/wp-content\/uploads\/2017\/03\/IMG_0050-150x150.jpg 150w, http:\/\/www.kmtk.si\/wp-content\/uploads\/2017\/03\/IMG_0050-100x100.jpg 100w\" sizes=\"100vw\" \/><\/a>\n\t\t\t<\/div><\/figure><figure class='gallery-item'>\n\t\t\t<div class='gallery-icon landscape'>\n\t\t\t\t<a href='http:\/\/www.kmtk.si\/wp-content\/uploads\/2017\/03\/IMG_0056.jpg'><img loading=\"lazy\" decoding=\"async\" width=\"150\" height=\"150\" src=\"http:\/\/www.kmtk.si\/wp-content\/uploads\/2017\/03\/IMG_0056-150x150.jpg\" class=\"attachment-thumbnail size-thumbnail\" alt=\"\" srcset=\"http:\/\/www.kmtk.si\/wp-content\/uploads\/2017\/03\/IMG_0056-150x150.jpg 150w, http:\/\/www.kmtk.si\/wp-content\/uploads\/2017\/03\/IMG_0056-100x100.jpg 100w\" sizes=\"100vw\" \/><\/a>\n\t\t\t<\/div><\/figure><figure class='gallery-item'>\n\t\t\t<div class='gallery-icon portrait'>\n\t\t\t\t<a href='http:\/\/www.kmtk.si\/wp-content\/uploads\/2017\/03\/IMG_0049.jpg'><img loading=\"lazy\" decoding=\"async\" width=\"150\" height=\"150\" src=\"http:\/\/www.kmtk.si\/wp-content\/uploads\/2017\/03\/IMG_0049-150x150.jpg\" class=\"attachment-thumbnail size-thumbnail\" alt=\"\" srcset=\"http:\/\/www.kmtk.si\/wp-content\/uploads\/2017\/03\/IMG_0049-150x150.jpg 150w, http:\/\/www.kmtk.si\/wp-content\/uploads\/2017\/03\/IMG_0049-100x100.jpg 100w\" sizes=\"100vw\" \/><\/a>\n\t\t\t<\/div><\/figure><figure class='gallery-item'>\n\t\t\t<div class='gallery-icon portrait'>\n\t\t\t\t<a href='http:\/\/www.kmtk.si\/wp-content\/uploads\/2017\/03\/IMG_0044.jpg'><img loading=\"lazy\" decoding=\"async\" width=\"150\" height=\"150\" src=\"http:\/\/www.kmtk.si\/wp-content\/uploads\/2017\/03\/IMG_0044-150x150.jpg\" class=\"attachment-thumbnail size-thumbnail\" alt=\"\" srcset=\"http:\/\/www.kmtk.si\/wp-content\/uploads\/2017\/03\/IMG_0044-150x150.jpg 150w, http:\/\/www.kmtk.si\/wp-content\/uploads\/2017\/03\/IMG_0044-100x100.jpg 100w\" sizes=\"100vw\" \/><\/a>\n\t\t\t<\/div><\/figure>\n\t\t<\/div>\n\n<p>Leta 1992 prevzame vlogo Branko Miklavec, ki sprva kot in\u0161truktor tehni\u010dnih kro\u017ekov opravlja delo s polovi\u010dnim delovnim \u010dasom. Leta 1992 ustanovijo &#8220;Klub mladih tehnikov Koper&#8221; kot pravno osebo. Ker je bil takrat objekt \u017ee dotrajan je klub s pomo\u010djo navdu\u0161encev spro\u017eil uspe\u0161no ozave\u0161\u010devalno akcijo preko medijev, s katero so star\u0161em, ob\u010dini in \u0161ir\u0161i javnosti predstavili svoje probleme.<\/p>\n<p>Ob\u010dina je takrat dala zeleno lu\u010d za obnovo. Z veseljem do ustvarjanja in mladih tehnikov je ob\u010dina leta 1998 dala mladim mo\u017enost, da se s tehni\u010dno kulturo ukvarjajo v novem domu.<\/p>\n<div id='gallery-2' class='gallery galleryid-5 gallery-columns-3 gallery-size-thumbnail'><figure class='gallery-item'>\n\t\t\t<div class='gallery-icon portrait'>\n\t\t\t\t<a href='http:\/\/www.kmtk.si\/wp-content\/uploads\/2017\/03\/priznanje_1993.jpg'><img loading=\"lazy\" decoding=\"async\" width=\"150\" height=\"150\" src=\"http:\/\/www.kmtk.si\/wp-content\/uploads\/2017\/03\/priznanje_1993-150x150.jpg\" class=\"attachment-thumbnail size-thumbnail\" alt=\"\" srcset=\"http:\/\/www.kmtk.si\/wp-content\/uploads\/2017\/03\/priznanje_1993-150x150.jpg 150w, http:\/\/www.kmtk.si\/wp-content\/uploads\/2017\/03\/priznanje_1993-100x100.jpg 100w\" sizes=\"100vw\" \/><\/a>\n\t\t\t<\/div><\/figure><figure class='gallery-item'>\n\t\t\t<div class='gallery-icon portrait'>\n\t\t\t\t<a href='http:\/\/www.kmtk.si\/wp-content\/uploads\/2017\/03\/priznanje_1994_2.jpg'><img loading=\"lazy\" decoding=\"async\" width=\"150\" height=\"150\" src=\"http:\/\/www.kmtk.si\/wp-content\/uploads\/2017\/03\/priznanje_1994_2-150x150.jpg\" class=\"attachment-thumbnail size-thumbnail\" alt=\"\" srcset=\"http:\/\/www.kmtk.si\/wp-content\/uploads\/2017\/03\/priznanje_1994_2-150x150.jpg 150w, http:\/\/www.kmtk.si\/wp-content\/uploads\/2017\/03\/priznanje_1994_2-100x100.jpg 100w\" sizes=\"100vw\" \/><\/a>\n\t\t\t<\/div><\/figure><figure class='gallery-item'>\n\t\t\t<div class='gallery-icon landscape'>\n\t\t\t\t<a href='http:\/\/www.kmtk.si\/wp-content\/uploads\/2017\/03\/priznanja-1.jpg'><img loading=\"lazy\" decoding=\"async\" width=\"150\" height=\"150\" src=\"http:\/\/www.kmtk.si\/wp-content\/uploads\/2017\/03\/priznanja-1-150x150.jpg\" class=\"attachment-thumbnail size-thumbnail\" alt=\"\" srcset=\"http:\/\/www.kmtk.si\/wp-content\/uploads\/2017\/03\/priznanja-1-150x150.jpg 150w, http:\/\/www.kmtk.si\/wp-content\/uploads\/2017\/03\/priznanja-1-100x100.jpg 100w\" sizes=\"100vw\" \/><\/a>\n\t\t\t<\/div><\/figure><figure class='gallery-item'>\n\t\t\t<div class='gallery-icon portrait'>\n\t\t\t\t<a href='http:\/\/www.kmtk.si\/wp-content\/uploads\/2017\/03\/priznanje_1963.jpg'><img loading=\"lazy\" decoding=\"async\" width=\"150\" height=\"150\" src=\"http:\/\/www.kmtk.si\/wp-content\/uploads\/2017\/03\/priznanje_1963-150x150.jpg\" class=\"attachment-thumbnail size-thumbnail\" alt=\"\" srcset=\"http:\/\/www.kmtk.si\/wp-content\/uploads\/2017\/03\/priznanje_1963-150x150.jpg 150w, http:\/\/www.kmtk.si\/wp-content\/uploads\/2017\/03\/priznanje_1963-100x100.jpg 100w\" sizes=\"100vw\" \/><\/a>\n\t\t\t<\/div><\/figure><figure class='gallery-item'>\n\t\t\t<div class='gallery-icon landscape'>\n\t\t\t\t<a href='http:\/\/www.kmtk.si\/wp-content\/uploads\/2017\/03\/priznanje_1964.jpg'><img loading=\"lazy\" decoding=\"async\" width=\"150\" height=\"150\" src=\"http:\/\/www.kmtk.si\/wp-content\/uploads\/2017\/03\/priznanje_1964-150x150.jpg\" class=\"attachment-thumbnail size-thumbnail\" alt=\"\" srcset=\"http:\/\/www.kmtk.si\/wp-content\/uploads\/2017\/03\/priznanje_1964-150x150.jpg 150w, http:\/\/www.kmtk.si\/wp-content\/uploads\/2017\/03\/priznanje_1964-100x100.jpg 100w\" sizes=\"100vw\" \/><\/a>\n\t\t\t<\/div><\/figure><figure class='gallery-item'>\n\t\t\t<div class='gallery-icon portrait'>\n\t\t\t\t<a href='http:\/\/www.kmtk.si\/wp-content\/uploads\/2017\/03\/priznanje_1975_1.jpg'><img loading=\"lazy\" decoding=\"async\" width=\"150\" height=\"150\" src=\"http:\/\/www.kmtk.si\/wp-content\/uploads\/2017\/03\/priznanje_1975_1-150x150.jpg\" class=\"attachment-thumbnail size-thumbnail\" alt=\"\" srcset=\"http:\/\/www.kmtk.si\/wp-content\/uploads\/2017\/03\/priznanje_1975_1-150x150.jpg 150w, http:\/\/www.kmtk.si\/wp-content\/uploads\/2017\/03\/priznanje_1975_1-100x100.jpg 100w\" sizes=\"100vw\" \/><\/a>\n\t\t\t<\/div><\/figure><figure class='gallery-item'>\n\t\t\t<div class='gallery-icon portrait'>\n\t\t\t\t<a href='http:\/\/www.kmtk.si\/wp-content\/uploads\/2017\/03\/priznanje_1994_1.jpg'><img loading=\"lazy\" decoding=\"async\" width=\"150\" height=\"150\" src=\"http:\/\/www.kmtk.si\/wp-content\/uploads\/2017\/03\/priznanje_1994_1-150x150.jpg\" class=\"attachment-thumbnail size-thumbnail\" alt=\"\" srcset=\"http:\/\/www.kmtk.si\/wp-content\/uploads\/2017\/03\/priznanje_1994_1-150x150.jpg 150w, http:\/\/www.kmtk.si\/wp-content\/uploads\/2017\/03\/priznanje_1994_1-100x100.jpg 100w\" sizes=\"100vw\" \/><\/a>\n\t\t\t<\/div><\/figure><figure class='gallery-item'>\n\t\t\t<div class='gallery-icon portrait'>\n\t\t\t\t<a href='http:\/\/www.kmtk.si\/wp-content\/uploads\/2017\/03\/priznanje_1960_2.jpg'><img loading=\"lazy\" decoding=\"async\" width=\"150\" height=\"150\" src=\"http:\/\/www.kmtk.si\/wp-content\/uploads\/2017\/03\/priznanje_1960_2-150x150.jpg\" class=\"attachment-thumbnail size-thumbnail\" alt=\"\" srcset=\"http:\/\/www.kmtk.si\/wp-content\/uploads\/2017\/03\/priznanje_1960_2-150x150.jpg 150w, http:\/\/www.kmtk.si\/wp-content\/uploads\/2017\/03\/priznanje_1960_2-100x100.jpg 100w\" sizes=\"100vw\" \/><\/a>\n\t\t\t<\/div><\/figure><figure class='gallery-item'>\n\t\t\t<div class='gallery-icon portrait'>\n\t\t\t\t<a href='http:\/\/www.kmtk.si\/wp-content\/uploads\/2017\/03\/priznanje_1960_1.jpg'><img loading=\"lazy\" decoding=\"async\" width=\"150\" height=\"150\" src=\"http:\/\/www.kmtk.si\/wp-content\/uploads\/2017\/03\/priznanje_1960_1-150x150.jpg\" class=\"attachment-thumbnail size-thumbnail\" alt=\"\" srcset=\"http:\/\/www.kmtk.si\/wp-content\/uploads\/2017\/03\/priznanje_1960_1-150x150.jpg 150w, http:\/\/www.kmtk.si\/wp-content\/uploads\/2017\/03\/priznanje_1960_1-100x100.jpg 100w\" sizes=\"100vw\" \/><\/a>\n\t\t\t<\/div><\/figure>\n\t\t<\/div>\n\n<p>Do danes je dom obiskovalo na tiso\u010de mladih, predvsem osnovno\u0161olcev in srednje\u0161olcev. Veliko mladih se je z aktivnim delom v raznih kro\u017ekih nau\u010dilo spretnosti, ki jih s pridom uporabljajo v vsakdanjem \u017eivljenju. Veliko se jih je odlo\u010dilo za nadaljni dodiplomski in podiplomski \u0161tudij tehni\u010dnih smeri. Veliko biv\u0161ih obiskovalcev nas \u0161e danes obiskuje in kar nekaj jih vozi v dom tudi svoje otroke.<\/p>\n<p>Hvala vsem, ki ste v vseh teh letih delovanja prispevali k dana\u0161njem statusu doma in tehni\u010dne kulture. Hvala tudi ob\u010dini, ki je vsa ta leta podpirala razvoj tehni\u010dnih spretnosti svojih najmlaj\u0161ih ob\u010danov.<\/p>\n","protected":false},"excerpt":{"rendered":"<p>Za\u010detki kluba segajo v leto 1962, ko navdu\u0161enci dajo na novo prenovljenemu objektu na Madinski ulici 6, v Kopru, ime &#8220;Dom mladih tehnikov&#8221; (DTM). V njem so \u017eivele tehni\u010dne dejavnosti pod okriljem okrajnega odbora ljudske tehnike. To so bili zlati \u010dasi masovnega ustvarjanja mladih na podro\u010dju modelarstva, forografije, elektronike, radioamaterstva, filma in kmetijske mehanizacije. Po &hellip; <\/p>\n<p class=\"link-more\"><a href=\"http:\/\/www.kmtk.si\/index.php\/about\/\" class=\"more-link\">Preberi ve\u010d<span class=\"screen-reader-text\"> &#8220;O klubu&#8221;<\/span><\/a><\/p>\n","protected":false},"author":1,"featured_media":0,"parent":0,"menu_order":0,"comment_status":"closed","ping_status":"closed","template":"","meta":{"footnotes":""},"_links":{"self":[{"href":"http:\/\/www.kmtk.si\/index.php\/wp-json\/wp\/v2\/pages\/5"}],"collection":[{"href":"http:\/\/www.kmtk.si\/index.php\/wp-json\/wp\/v2\/pages"}],"about":[{"href":"http:\/\/www.kmtk.si\/index.php\/wp-json\/wp\/v2\/types\/page"}],"author":[{"embeddable":true,"href":"http:\/\/www.kmtk.si\/index.php\/wp-json\/wp\/v2\/users\/1"}],"replies":[{"embeddable":true,"href":"http:\/\/www.kmtk.si\/index.php\/wp-json\/wp\/v2\/comments?post=5"}],"version-history":[{"count":16,"href":"http:\/\/www.kmtk.si\/index.php\/wp-json\/wp\/v2\/pages\/5\/revisions"}],"predecessor-version":[{"id":521,"href":"http:\/\/www.kmtk.si\/index.php\/wp-json\/wp\/v2\/pages\/5\/revisions\/521"}],"wp:attachment":[{"href":"http:\/\/www.kmtk.si\/index.php\/wp-json\/wp\/v2\/media?parent=5"}],"curies":[{"name":"wp","href":"https:\/\/api.w.org\/{rel}","templated":true}]}}