{"id":2,"date":"2017-03-14T11:05:23","date_gmt":"2017-03-14T11:05:23","guid":{"rendered":"http:\/\/www.kmtk.si\/?page_id=2"},"modified":"2017-03-14T22:42:56","modified_gmt":"2017-03-14T22:42:56","slug":"sample-page","status":"publish","type":"page","link":"http:\/\/www.kmtk.si\/index.php\/sample-page\/","title":{"rendered":"Povezave"},"content":{"rendered":"<p>Osnovne \u0161ole v MO KOPER<\/p>\n<ul>\n<li><a href=\"http:\/\/www.antonukmar.si\/\">Osnovna \u0161ola Antona Ukmarja Koper<\/a><\/li>\n<li><a href=\"http:\/\/www.dusanabordona.si\/\">Osnovna \u0161ola Du\u0161ana Bordona Koper<\/a><\/li>\n<li><a href=\"http:\/\/www.os-koper.si\/\">Osnovna \u0161ola Koper<\/a><\/li>\n<li><a href=\"http:\/\/www.vergerio.si\/\">Osnovna \u0161ola Pier Paolo Vergerio il Vecchio<\/a><\/li>\n<li><a href=\"http:\/\/www.os-ev-prade.si\/\">Osnovna \u0161ola Elvire Vatovec Prade<\/a><\/li>\n<li><a href=\"http:\/\/www.os-dekani.si\/default.aspx\">Osnovna \u0161ola Dekani<\/a><\/li>\n<li><a href=\"http:\/\/www.sola-skofije.si\/\">Osnovna \u0161ola \u0160kofije<\/a><\/li>\n<li><a href=\"http:\/\/www2.arnes.si\/%7Eoskphrv\/\">Osnovna \u0161ola dr. Ale\u0161 Bebler &#8211; Primo\u017e Hrvatini<\/a><\/li>\n<li><a href=\"http:\/\/www.osmarezige.si\/\">Osnovna \u0161ola Ivana Babi\u010da &#8211; Jagra Marezige<\/a><\/li>\n<li><a href=\"http:\/\/194.249.18.207\/joomla\/\">Osnovna \u0161ola Gra\u010di\u0161\u010de<\/a><\/li>\n<li><a href=\"http:\/\/www.ossmarje.si\/default.aspx\/\">Osnovna \u0161ola \u0160marje pri Kopru<\/a><\/li>\n<\/ul>\n<p>Splo\u0161no:<\/p>\n<p><a href=\"http:\/\/forum.modelarji.com\/\">Modelarji.com<\/a> &#8211; slovenski modelarski forum, <a href=\"http:\/\/forum.msm-rc.net\/\">Model Spart Maribor<\/a> &#8211; slovenski avtomodelarski forum, <a href=\"http:\/\/www.aerozaprega.si\/\">Aerozaprega<\/a> &#8211; stran namenjena aerozapregam, <a href=\"http:\/\/mai2sky.stran.net\/\">Mai2sky<\/a> &#8211; stran namenjna kategoriji F3A<\/p>\n<p>Klubi:<\/p>\n<p><a href=\"http:\/\/www.mkv-klub.si\/\">Modelarski klub Vrhnika<\/a>, <a href=\"http:\/\/mk-tolmin.klub-kts.si\/\">Modelarski klub Tolmin<\/a>, <a href=\"http:\/\/x.sgn.net\/mlk\/\">Modelarski letalski klub \u0160o\u0161tanj<\/a>, <a href=\"http:\/\/www.alpski-modelarski-klub.si\/\">Alpski modelarski klub<\/a>, <a href=\"http:\/\/www.mdbk.org\/\">Modelarsko dru\u0161tvo Bela Krajina<\/a>, <a href=\"http:\/\/www.betal.org\/\">Dru\u0161tvo modelarjev BETAL<\/a><\/p>\n<p>Trgovine:<\/p>\n<p><a href=\"http:\/\/www.q-shop.org\/\" target=\"_new\">Q shop<\/a>, <a href=\"http:\/\/www.delko.si\/\" target=\"_new\">Delko<\/a>, <a href=\"http:\/\/www.mantua-model.si\/\" target=\"_new\">Mantua model<\/a>, <a href=\"http:\/\/www.primusr.com\/\" target=\"_new\">Primus R<\/a>, <a href=\"http:\/\/www.trgovinamodelar.com\/\" target=\"_new\">Trgovina Modelar<\/a>, <a href=\"http:\/\/www.top-modeltehnik.si\/\" target=\"_new\">Top model tehnik<\/a>, <a href=\"http:\/\/www.stopar.si\/\" target=\"_new\">Modelarstvo Stopar<\/a>, <a href=\"http:\/\/www.modelar.si\/\" target=\"_new\">Modelar.si<\/a>, <a href=\"http:\/\/trgovina.mibomodeli.si\/\" target=\"_new\">Mibo modeli<\/a><\/p>\n","protected":false},"excerpt":{"rendered":"<p>Osnovne \u0161ole v MO KOPER Osnovna \u0161ola Antona Ukmarja Koper Osnovna \u0161ola Du\u0161ana Bordona Koper Osnovna \u0161ola Koper Osnovna \u0161ola Pier Paolo Vergerio il Vecchio Osnovna \u0161ola Elvire Vatovec Prade Osnovna \u0161ola Dekani Osnovna \u0161ola \u0160kofije Osnovna \u0161ola dr. Ale\u0161 Bebler &#8211; Primo\u017e Hrvatini Osnovna \u0161ola Ivana Babi\u010da &#8211; Jagra Marezige Osnovna \u0161ola Gra\u010di\u0161\u010de Osnovna &hellip; <\/p>\n<p class=\"link-more\"><a href=\"http:\/\/www.kmtk.si\/index.php\/sample-page\/\" class=\"more-link\">Preberi ve\u010d<span class=\"screen-reader-text\"> &#8220;Povezave&#8221;<\/span><\/a><\/p>\n","protected":false},"author":1,"featured_media":0,"parent":0,"menu_order":0,"comment_status":"closed","ping_status":"open","template":"","meta":{"footnotes":""},"_links":{"self":[{"href":"http:\/\/www.kmtk.si\/index.php\/wp-json\/wp\/v2\/pages\/2"}],"collection":[{"href":"http:\/\/www.kmtk.si\/index.php\/wp-json\/wp\/v2\/pages"}],"about":[{"href":"http:\/\/www.kmtk.si\/index.php\/wp-json\/wp\/v2\/types\/page"}],"author":[{"embeddable":true,"href":"http:\/\/www.kmtk.si\/index.php\/wp-json\/wp\/v2\/users\/1"}],"replies":[{"embeddable":true,"href":"http:\/\/www.kmtk.si\/index.php\/wp-json\/wp\/v2\/comments?post=2"}],"version-history":[{"count":2,"href":"http:\/\/www.kmtk.si\/index.php\/wp-json\/wp\/v2\/pages\/2\/revisions"}],"predecessor-version":[{"id":97,"href":"http:\/\/www.kmtk.si\/index.php\/wp-json\/wp\/v2\/pages\/2\/revisions\/97"}],"wp:attachment":[{"href":"http:\/\/www.kmtk.si\/index.php\/wp-json\/wp\/v2\/media?parent=2"}],"curies":[{"name":"wp","href":"https:\/\/api.w.org\/{rel}","templated":true}]}}