{"id":128,"date":"2017-03-14T23:37:28","date_gmt":"2017-03-14T23:37:28","guid":{"rendered":"http:\/\/www.kmtk.si\/?page_id=128"},"modified":"2017-09-12T12:31:33","modified_gmt":"2017-09-12T12:31:33","slug":"radijsko-vodenje-modelov","status":"publish","type":"page","link":"http:\/\/www.kmtk.si\/index.php\/krozki\/radijsko-vodenje-modelov\/","title":{"rendered":"Radijsko vodenje modelov"},"content":{"rendered":"<p>Poteka v te\u010dajni obliki. Za <a href=\"http:\/\/www.kmtk.si\/index.php\/letala\/\">letala<\/a> je za\u017eeljeno predhodno u\u010denje na ra\u010dunalni\u0161kem simulatorju.<\/p>\n<p>\u0160ola radijskega vodenja <a href=\"http:\/\/www.kmtk.si\/index.php\/letala\/\">letala na elektro pogon<\/a> poteka z navezavo u\u010ditelj &#8211; u\u010denec, kar pomeni, da sta napravi za vodenje povezani, u\u010ditelj lahko kadarkoli odvzame upravljanje u\u010dencu in popravi napako, ki bi se lahko kon\u010dala z razbitjem letala.<\/p>\n<p style=\"text-align: center;\"><a href=\"http:\/\/www.kmtk.si\/wp-content\/uploads\/2017\/03\/IMG_1029.jpg\"><img loading=\"lazy\" decoding=\"async\" class=\"alignnone wp-image-129 size-medium\" src=\"http:\/\/www.kmtk.si\/wp-content\/uploads\/2017\/03\/IMG_1029-225x300.jpg\" alt=\"\" width=\"225\" height=\"300\" srcset=\"http:\/\/www.kmtk.si\/wp-content\/uploads\/2017\/03\/IMG_1029-225x300.jpg 225w, http:\/\/www.kmtk.si\/wp-content\/uploads\/2017\/03\/IMG_1029.jpg 576w\" sizes=\"(max-width: 225px) 100vw, 225px\" \/><\/a><\/p>\n<p style=\"text-align: center;\"><a href=\"http:\/\/www.kmtk.si\/wp-content\/uploads\/2017\/06\/Met-letala.jpg\"><img loading=\"lazy\" decoding=\"async\" class=\"alignnone wp-image-293 size-medium\" src=\"http:\/\/www.kmtk.si\/wp-content\/uploads\/2017\/06\/Met-letala-300x200.jpg\" alt=\"\" width=\"300\" height=\"200\" \/><\/a><\/p>\n<p>U\u010denje poteka v ve\u010d fazah do samostojnega pristajanja in vzletanja.<\/p>\n<p><a href=\"http:\/\/www.kmtk.si\/index.php\/jadrnice\/\">Radijsko vodenje jadrnic<\/a> je manj zahtevno, osnov se otroci hitro nau\u010dijo (jadranje v razli\u010dne smeri glede na veter).<\/p>\n<p><a href=\"http:\/\/www.kmtk.si\/wp-content\/uploads\/2017\/03\/IMG_3274.jpg\"><img loading=\"lazy\" decoding=\"async\" class=\"aligncenter wp-image-130 size-medium\" src=\"http:\/\/www.kmtk.si\/wp-content\/uploads\/2017\/03\/IMG_3274-300x200.jpg\" alt=\"\" width=\"300\" height=\"200\" srcset=\"http:\/\/www.kmtk.si\/wp-content\/uploads\/2017\/03\/IMG_3274-300x200.jpg 300w, http:\/\/www.kmtk.si\/wp-content\/uploads\/2017\/03\/IMG_3274-768x512.jpg 768w, http:\/\/www.kmtk.si\/wp-content\/uploads\/2017\/03\/IMG_3274.jpg 800w\" sizes=\"(max-width: 300px) 100vw, 300px\" \/><\/a><\/p>\n<p style=\"text-align: center;\"><a href=\"http:\/\/www.kmtk.si\/wp-content\/uploads\/2017\/06\/Spuscanje_Jadrnice.jpg\"><img loading=\"lazy\" decoding=\"async\" class=\"alignnone size-medium wp-image-434\" src=\"http:\/\/www.kmtk.si\/wp-content\/uploads\/2017\/06\/Spuscanje_Jadrnice-300x200.jpg\" alt=\"\" width=\"300\" height=\"200\" \/><\/a><\/p>\n<p style=\"text-align: center;\"><a href=\"http:\/\/www.kmtk.si\/wp-content\/uploads\/2017\/06\/Spuscanje_Jadrnic.jpg\"><img loading=\"lazy\" decoding=\"async\" class=\"alignnone size-medium wp-image-428\" src=\"http:\/\/www.kmtk.si\/wp-content\/uploads\/2017\/06\/Spuscanje_Jadrnic-300x200.jpg\" alt=\"\" width=\"300\" height=\"200\" \/><\/a><\/p>\n<p style=\"text-align: center;\">Radijsko vodeni <a href=\"http:\/\/www.kmtk.si\/index.php\/colni\/\">model \u010dolna na elekrto pogon<\/a> na prvi, testni vo\u017enji. Na spodnji sliki je na primer vidno, da je potrebno te\u017ei\u0161\u010de premakniti za nekaj centimetrov naprej.<\/p>\n<p style=\"text-align: center;\"><a href=\"http:\/\/www.kmtk.si\/wp-content\/uploads\/2017\/03\/IMG_2172.jpg\"><img loading=\"lazy\" decoding=\"async\" class=\"alignnone wp-image-131 size-medium\" src=\"http:\/\/www.kmtk.si\/wp-content\/uploads\/2017\/03\/IMG_2172-300x225.jpg\" alt=\"\" width=\"300\" height=\"225\" srcset=\"http:\/\/www.kmtk.si\/wp-content\/uploads\/2017\/03\/IMG_2172-300x225.jpg 300w, http:\/\/www.kmtk.si\/wp-content\/uploads\/2017\/03\/IMG_2172-768x576.jpg 768w, http:\/\/www.kmtk.si\/wp-content\/uploads\/2017\/03\/IMG_2172.jpg 800w\" sizes=\"(max-width: 300px) 100vw, 300px\" \/><\/a><\/p>\n<p style=\"text-align: center;\">\u00a0Po \u017eelji se lahko ukvarja tudi z avtomobili na radijsko vodenje.<\/p>\n<p style=\"text-align: center;\"><a href=\"http:\/\/www.kmtk.si\/wp-content\/uploads\/2017\/06\/Nastavljanje_avta_na_notranje_zgorevanje-e1498656715944.jpg\"><img loading=\"lazy\" decoding=\"async\" class=\"alignnone size-medium wp-image-429\" src=\"http:\/\/www.kmtk.si\/wp-content\/uploads\/2017\/06\/Nastavljanje_avta_na_notranje_zgorevanje-200x300.jpg\" alt=\"\" width=\"200\" height=\"300\" \/><\/a><\/p>\n<p style=\"text-align: center;\"><a href=\"http:\/\/www.kmtk.si\/wp-content\/uploads\/2017\/03\/Direktiva_o_varnosti_droni2016.pdf\">Direktiva o varnosti-droni 2016<\/a><\/p>\n","protected":false},"excerpt":{"rendered":"<p>Poteka v te\u010dajni obliki. Za letala je za\u017eeljeno predhodno u\u010denje na ra\u010dunalni\u0161kem simulatorju. \u0160ola radijskega vodenja letala na elektro pogon poteka z navezavo u\u010ditelj &#8211; u\u010denec, kar pomeni, da sta napravi za vodenje povezani, u\u010ditelj lahko kadarkoli odvzame upravljanje u\u010dencu in popravi napako, ki bi se lahko kon\u010dala z razbitjem letala. U\u010denje poteka v ve\u010d &hellip; <\/p>\n<p class=\"link-more\"><a href=\"http:\/\/www.kmtk.si\/index.php\/krozki\/radijsko-vodenje-modelov\/\" class=\"more-link\">Preberi ve\u010d<span class=\"screen-reader-text\"> &#8220;Radijsko vodenje modelov&#8221;<\/span><\/a><\/p>\n","protected":false},"author":1,"featured_media":0,"parent":145,"menu_order":0,"comment_status":"closed","ping_status":"closed","template":"","meta":{"footnotes":""},"_links":{"self":[{"href":"http:\/\/www.kmtk.si\/index.php\/wp-json\/wp\/v2\/pages\/128"}],"collection":[{"href":"http:\/\/www.kmtk.si\/index.php\/wp-json\/wp\/v2\/pages"}],"about":[{"href":"http:\/\/www.kmtk.si\/index.php\/wp-json\/wp\/v2\/types\/page"}],"author":[{"embeddable":true,"href":"http:\/\/www.kmtk.si\/index.php\/wp-json\/wp\/v2\/users\/1"}],"replies":[{"embeddable":true,"href":"http:\/\/www.kmtk.si\/index.php\/wp-json\/wp\/v2\/comments?post=128"}],"version-history":[{"count":12,"href":"http:\/\/www.kmtk.si\/index.php\/wp-json\/wp\/v2\/pages\/128\/revisions"}],"predecessor-version":[{"id":494,"href":"http:\/\/www.kmtk.si\/index.php\/wp-json\/wp\/v2\/pages\/128\/revisions\/494"}],"up":[{"embeddable":true,"href":"http:\/\/www.kmtk.si\/index.php\/wp-json\/wp\/v2\/pages\/145"}],"wp:attachment":[{"href":"http:\/\/www.kmtk.si\/index.php\/wp-json\/wp\/v2\/media?parent=128"}],"curies":[{"name":"wp","href":"https:\/\/api.w.org\/{rel}","templated":true}]}}