{"id":122,"date":"2017-03-14T23:12:49","date_gmt":"2017-03-14T23:12:49","guid":{"rendered":"http:\/\/www.kmtk.si\/?page_id=122"},"modified":"2017-06-27T17:28:41","modified_gmt":"2017-06-27T17:28:41","slug":"elektronika","status":"publish","type":"page","link":"http:\/\/www.kmtk.si\/index.php\/krozki\/elektronika\/","title":{"rendered":"Elektronika"},"content":{"rendered":"<p style=\"text-align: left;\">Za\u017eeleno je predznanje, ki ga otrok osvoji na <a href=\"http:\/\/www.kmtk.si\/index.php\/modelarstvo-za-zacetnike\/\">modelarskih kro\u017ekih<\/a>.<\/p>\n<figure id=\"attachment_223\" aria-describedby=\"caption-attachment-223\" style=\"width: 300px\" class=\"wp-caption alignnone\"><a href=\"http:\/\/www.kmtk.si\/wp-content\/uploads\/2017\/06\/Radio-e1497962948750.jpg\"><img loading=\"lazy\" decoding=\"async\" class=\"wp-image-223 size-medium\" src=\"http:\/\/www.kmtk.si\/wp-content\/uploads\/2017\/06\/Radio-300x200.jpg\" alt=\"\" width=\"300\" height=\"200\" \/><\/a><figcaption id=\"caption-attachment-223\" class=\"wp-caption-text\">UKV radijski sprejemnik<\/figcaption><\/figure>\n<p>&nbsp;<\/p>\n<p>Otroci postopoma izdelajo radijski sprejemnik za UKV podro\u010dje, obnovijo pridobljeno znanje iz modelarstva (izdelava ohi\u0161ja) in spoznavajo elektronske komponente (izgled, ozna\u010devanje, merske enote &#8230;) in se nau\u010dijo uporabljati univerzalni digitalni multimeter.<\/p>\n<figure id=\"attachment_224\" aria-describedby=\"caption-attachment-224\" style=\"width: 300px\" class=\"wp-caption alignnone\"><a href=\"http:\/\/www.kmtk.si\/wp-content\/uploads\/2017\/06\/DSF0180-e1497961660327.jpg\"><img loading=\"lazy\" decoding=\"async\" class=\"wp-image-224 size-medium\" src=\"http:\/\/www.kmtk.si\/wp-content\/uploads\/2017\/06\/DSF0180-300x200.jpg\" alt=\"\" width=\"300\" height=\"200\" \/><\/a><figcaption id=\"caption-attachment-224\" class=\"wp-caption-text\">Drobovje UKV radijskega sprejemnika<\/figcaption><\/figure>\n<p>Razumevanje napetosti, toka, mo\u010di in upornosti razlo\u017eimo in preizkusimo na preprostih tokokrogih.<\/p>\n<figure id=\"attachment_234\" aria-describedby=\"caption-attachment-234\" style=\"width: 300px\" class=\"wp-caption alignnone\"><a href=\"http:\/\/www.kmtk.si\/wp-content\/uploads\/2017\/06\/IMG_1991-e1497961681898.jpg\"><img loading=\"lazy\" decoding=\"async\" class=\"wp-image-234 size-medium\" src=\"http:\/\/www.kmtk.si\/wp-content\/uploads\/2017\/06\/IMG_1991-300x200.jpg\" alt=\"\" width=\"300\" height=\"200\" \/><\/a><figcaption id=\"caption-attachment-234\" class=\"wp-caption-text\">Vezje radijskega sprejemnika<\/figcaption><\/figure>\n<p>Uporablja se ro\u010dno orodje, baterijski vrtalnik in spajkalnik. Spajkanja se otroci nau\u010dijo postopoma na odslu\u017eenih tiskanih vezjih.<\/p>\n<figure id=\"attachment_438\" aria-describedby=\"caption-attachment-438\" style=\"width: 300px\" class=\"wp-caption alignnone\"><a href=\"http:\/\/www.kmtk.si\/wp-content\/uploads\/2017\/06\/Vrtanje_Vezja.jpg\"><img loading=\"lazy\" decoding=\"async\" class=\"wp-image-438 size-medium\" src=\"http:\/\/www.kmtk.si\/wp-content\/uploads\/2017\/06\/Vrtanje_Vezja-300x200.jpg\" alt=\"\" width=\"300\" height=\"200\" \/><\/a><figcaption id=\"caption-attachment-438\" class=\"wp-caption-text\">Vrtanje tiskanega vezja<\/figcaption><\/figure>\n<p>Poleg radia se izdeluje \u0161e veliko ostalih preprostej\u0161ih vezij in ostalih izdelkov.<\/p>\n<figure id=\"attachment_273\" aria-describedby=\"caption-attachment-273\" style=\"width: 300px\" class=\"wp-caption alignleft\"><a href=\"http:\/\/www.kmtk.si\/wp-content\/uploads\/2017\/06\/tuljava.jpg\"><img loading=\"lazy\" decoding=\"async\" class=\"wp-image-273 size-medium\" src=\"http:\/\/www.kmtk.si\/wp-content\/uploads\/2017\/06\/tuljava-300x200.jpg\" alt=\"\" width=\"300\" height=\"200\" \/><\/a><figcaption id=\"caption-attachment-273\" class=\"wp-caption-text\">Navita tuljava<\/figcaption><\/figure>\n<figure id=\"attachment_410\" aria-describedby=\"caption-attachment-410\" style=\"width: 300px\" class=\"wp-caption alignnone\"><a href=\"http:\/\/www.kmtk.si\/wp-content\/uploads\/2017\/06\/Merjenje_Induktivnosti_Tuljave-e1498221456286.jpg\"><img loading=\"lazy\" decoding=\"async\" class=\"wp-image-410 size-medium\" src=\"http:\/\/www.kmtk.si\/wp-content\/uploads\/2017\/06\/Merjenje_Induktivnosti_Tuljave-300x200.jpg\" alt=\"\" width=\"300\" height=\"200\" \/><\/a><figcaption id=\"caption-attachment-410\" class=\"wp-caption-text\">Merjenje induktivnosti tuljave<\/figcaption><\/figure>\n","protected":false},"excerpt":{"rendered":"<p>Za\u017eeleno je predznanje, ki ga otrok osvoji na modelarskih kro\u017ekih. &nbsp; Otroci postopoma izdelajo radijski sprejemnik za UKV podro\u010dje, obnovijo pridobljeno znanje iz modelarstva (izdelava ohi\u0161ja) in spoznavajo elektronske komponente (izgled, ozna\u010devanje, merske enote &#8230;) in se nau\u010dijo uporabljati univerzalni digitalni multimeter. Razumevanje napetosti, toka, mo\u010di in upornosti razlo\u017eimo in preizkusimo na preprostih tokokrogih. Uporablja &hellip; <\/p>\n<p class=\"link-more\"><a href=\"http:\/\/www.kmtk.si\/index.php\/krozki\/elektronika\/\" class=\"more-link\">Preberi ve\u010d<span class=\"screen-reader-text\"> &#8220;Elektronika&#8221;<\/span><\/a><\/p>\n","protected":false},"author":1,"featured_media":0,"parent":145,"menu_order":0,"comment_status":"closed","ping_status":"closed","template":"","meta":{"footnotes":""},"_links":{"self":[{"href":"http:\/\/www.kmtk.si\/index.php\/wp-json\/wp\/v2\/pages\/122"}],"collection":[{"href":"http:\/\/www.kmtk.si\/index.php\/wp-json\/wp\/v2\/pages"}],"about":[{"href":"http:\/\/www.kmtk.si\/index.php\/wp-json\/wp\/v2\/types\/page"}],"author":[{"embeddable":true,"href":"http:\/\/www.kmtk.si\/index.php\/wp-json\/wp\/v2\/users\/1"}],"replies":[{"embeddable":true,"href":"http:\/\/www.kmtk.si\/index.php\/wp-json\/wp\/v2\/comments?post=122"}],"version-history":[{"count":23,"href":"http:\/\/www.kmtk.si\/index.php\/wp-json\/wp\/v2\/pages\/122\/revisions"}],"predecessor-version":[{"id":445,"href":"http:\/\/www.kmtk.si\/index.php\/wp-json\/wp\/v2\/pages\/122\/revisions\/445"}],"up":[{"embeddable":true,"href":"http:\/\/www.kmtk.si\/index.php\/wp-json\/wp\/v2\/pages\/145"}],"wp:attachment":[{"href":"http:\/\/www.kmtk.si\/index.php\/wp-json\/wp\/v2\/media?parent=122"}],"curies":[{"name":"wp","href":"https:\/\/api.w.org\/{rel}","templated":true}]}}