{"id":120,"date":"2017-03-14T23:11:12","date_gmt":"2017-03-14T23:11:12","guid":{"rendered":"http:\/\/www.kmtk.si\/?page_id=120"},"modified":"2017-06-20T12:29:53","modified_gmt":"2017-06-20T12:29:53","slug":"fotografija","status":"publish","type":"page","link":"http:\/\/www.kmtk.si\/index.php\/krozki\/fotografija\/","title":{"rendered":"Fotografija"},"content":{"rendered":"<p>Ujamimo del\u010dek \u010dasa in ga shranimo za spomin, poklon ali razstavo. Morda vas fotografija tako pritegne, da se za\u010dnete resneje ukvarjati ali celo \u0161olati in \u0161tudirati.<\/p>\n<p>Klasi\u010dna \u010drnobela fotografija nastaja v temnici Doma mladih tehnikov.<\/p>\n<p style=\"text-align: center;\"><a href=\"http:\/\/www.kmtk.si\/wp-content\/uploads\/2017\/06\/temnica.jpg\"><img loading=\"lazy\" decoding=\"async\" class=\"alignnone wp-image-194 size-medium\" src=\"http:\/\/www.kmtk.si\/wp-content\/uploads\/2017\/06\/temnica-200x300.jpg\" alt=\"\" width=\"200\" height=\"300\" \/><\/a><\/p>\n<p>Za delo potrebujemo brezhiben analogni ali digitalni fotoaparat (z navodili) in USB klju\u010dek za shranjevanje obdelanih digitalnih fotografij. Digitalne fotografije bomo tiskali odvisno od dostopnosti in cene.<\/p>\n<p style=\"text-align: center;\"><a href=\"http:\/\/www.kmtk.si\/wp-content\/uploads\/2017\/06\/IMG_1992.jpg\"><img loading=\"lazy\" decoding=\"async\" class=\"alignnone wp-image-235 size-medium\" src=\"http:\/\/www.kmtk.si\/wp-content\/uploads\/2017\/06\/IMG_1992-300x200.jpg\" alt=\"\" width=\"300\" height=\"200\" \/><\/a><\/p>\n<p>U\u010denci s prakti\u010dnim delom spoznajo teoreti\u010dne osnove in zakonitosti (zaslonka, \u010das, ob\u010dutlivost, globinska ostrina &#8230;).<\/p>\n<p>Tematika ali po doma\u010de kaj bomo fotografirali je stvar dogovora, zanimanja, naravnih danosti in trenutnega navdiha posameznika.<\/p>\n<p>V \u0161olskih okoljih in tudi drugod bomo postavili razstavo najbolj\u0161ih fotografij.<\/p>\n","protected":false},"excerpt":{"rendered":"<p>Ujamimo del\u010dek \u010dasa in ga shranimo za spomin, poklon ali razstavo. Morda vas fotografija tako pritegne, da se za\u010dnete resneje ukvarjati ali celo \u0161olati in \u0161tudirati. Klasi\u010dna \u010drnobela fotografija nastaja v temnici Doma mladih tehnikov. Za delo potrebujemo brezhiben analogni ali digitalni fotoaparat (z navodili) in USB klju\u010dek za shranjevanje obdelanih digitalnih fotografij. Digitalne fotografije &hellip; <\/p>\n<p class=\"link-more\"><a href=\"http:\/\/www.kmtk.si\/index.php\/krozki\/fotografija\/\" class=\"more-link\">Preberi ve\u010d<span class=\"screen-reader-text\"> &#8220;Fotografija&#8221;<\/span><\/a><\/p>\n","protected":false},"author":1,"featured_media":0,"parent":145,"menu_order":0,"comment_status":"closed","ping_status":"closed","template":"","meta":{"footnotes":""},"_links":{"self":[{"href":"http:\/\/www.kmtk.si\/index.php\/wp-json\/wp\/v2\/pages\/120"}],"collection":[{"href":"http:\/\/www.kmtk.si\/index.php\/wp-json\/wp\/v2\/pages"}],"about":[{"href":"http:\/\/www.kmtk.si\/index.php\/wp-json\/wp\/v2\/types\/page"}],"author":[{"embeddable":true,"href":"http:\/\/www.kmtk.si\/index.php\/wp-json\/wp\/v2\/users\/1"}],"replies":[{"embeddable":true,"href":"http:\/\/www.kmtk.si\/index.php\/wp-json\/wp\/v2\/comments?post=120"}],"version-history":[{"count":11,"href":"http:\/\/www.kmtk.si\/index.php\/wp-json\/wp\/v2\/pages\/120\/revisions"}],"predecessor-version":[{"id":368,"href":"http:\/\/www.kmtk.si\/index.php\/wp-json\/wp\/v2\/pages\/120\/revisions\/368"}],"up":[{"embeddable":true,"href":"http:\/\/www.kmtk.si\/index.php\/wp-json\/wp\/v2\/pages\/145"}],"wp:attachment":[{"href":"http:\/\/www.kmtk.si\/index.php\/wp-json\/wp\/v2\/media?parent=120"}],"curies":[{"name":"wp","href":"https:\/\/api.w.org\/{rel}","templated":true}]}}