{"id":114,"date":"2017-03-14T23:06:22","date_gmt":"2017-03-14T23:06:22","guid":{"rendered":"http:\/\/www.kmtk.si\/?page_id=114"},"modified":"2017-09-12T12:30:50","modified_gmt":"2017-09-12T12:30:50","slug":"letala","status":"publish","type":"page","link":"http:\/\/www.kmtk.si\/index.php\/krozki\/letala\/","title":{"rendered":"Letala"},"content":{"rendered":"<p>Za\u017eeleno je predznanje, ki ga je otrok osvojil na <a href=\"http:\/\/www.kmtk.si\/index.php\/modelarstvo-za-zacetnike\/\">modelarskem kro\u017eku za za\u010detnike<\/a>.<\/p>\n<p style=\"text-align: center;\"><a href=\"http:\/\/www.kmtk.si\/wp-content\/uploads\/2017\/03\/IMG_8401.jpg\"><img loading=\"lazy\" decoding=\"async\" class=\"alignnone wp-image-115 size-medium\" src=\"http:\/\/www.kmtk.si\/wp-content\/uploads\/2017\/03\/IMG_8401-300x225.jpg\" alt=\"\" width=\"300\" height=\"225\" srcset=\"http:\/\/www.kmtk.si\/wp-content\/uploads\/2017\/03\/IMG_8401-300x225.jpg 300w, http:\/\/www.kmtk.si\/wp-content\/uploads\/2017\/03\/IMG_8401-768x576.jpg 768w, http:\/\/www.kmtk.si\/wp-content\/uploads\/2017\/03\/IMG_8401.jpg 800w\" sizes=\"(max-width: 300px) 100vw, 300px\" \/><\/a><\/p>\n<p>Otrok izdela <a href=\"http:\/\/www.kmtk.si\/index.php\/radijsko-vodenje-modelov\/\">motorno letalo na elektro pogon<\/a>. \u00a0To je stabilno visokokrilno letalo namenjeno za\u010detnikom.<\/p>\n<p style=\"text-align: center;\"><a href=\"http:\/\/www.kmtk.si\/wp-content\/uploads\/2017\/06\/IMG_1989.jpg\"><img loading=\"lazy\" decoding=\"async\" class=\"alignnone wp-image-233 size-medium\" src=\"http:\/\/www.kmtk.si\/wp-content\/uploads\/2017\/06\/IMG_1989-300x200.jpg\" alt=\"\" width=\"300\" height=\"200\" \/><\/a><\/p>\n<p style=\"text-align: center;\"><a href=\"http:\/\/www.kmtk.si\/wp-content\/uploads\/2017\/06\/IMG_7464.jpg\"><img loading=\"lazy\" decoding=\"async\" class=\"alignnone wp-image-248 size-medium\" src=\"http:\/\/www.kmtk.si\/wp-content\/uploads\/2017\/06\/IMG_7464-300x200.jpg\" alt=\"\" width=\"300\" height=\"200\" \/><\/a><\/p>\n<p style=\"text-align: center;\"><a href=\"http:\/\/www.kmtk.si\/wp-content\/uploads\/2017\/06\/IMG_7860-e1497450402475.jpg\"><img loading=\"lazy\" decoding=\"async\" class=\"alignnone wp-image-255 size-medium\" src=\"http:\/\/www.kmtk.si\/wp-content\/uploads\/2017\/06\/IMG_7860-e1497450402475-200x300.jpg\" alt=\"\" width=\"200\" height=\"300\" \/><\/a><\/p>\n<p><a href=\"http:\/\/www.kmtk.si\/wp-content\/uploads\/2017\/06\/IMG_8365.jpg\"><img loading=\"lazy\" decoding=\"async\" class=\"aligncenter wp-image-251 size-medium\" src=\"http:\/\/www.kmtk.si\/wp-content\/uploads\/2017\/06\/IMG_8365-300x200.jpg\" alt=\"\" width=\"300\" height=\"200\" \/><\/a><\/p>\n<p style=\"text-align: center;\"><a href=\"http:\/\/www.kmtk.si\/wp-content\/uploads\/2017\/06\/IMG_8363.jpg\"><img loading=\"lazy\" decoding=\"async\" class=\"alignnone wp-image-250 size-medium\" src=\"http:\/\/www.kmtk.si\/wp-content\/uploads\/2017\/06\/IMG_8363-300x200.jpg\" alt=\"\" width=\"300\" height=\"200\" \/><\/a><\/p>\n<p style=\"text-align: center;\"><a href=\"http:\/\/www.kmtk.si\/wp-content\/uploads\/2017\/06\/IMG_8368.jpg\"><img loading=\"lazy\" decoding=\"async\" class=\"alignnone wp-image-257 size-medium\" src=\"http:\/\/www.kmtk.si\/wp-content\/uploads\/2017\/06\/IMG_8368-200x300.jpg\" alt=\"\" width=\"200\" height=\"300\" \/><\/a><\/p>\n<p style=\"text-align: center;\"><a href=\"http:\/\/www.kmtk.si\/wp-content\/uploads\/2017\/06\/IMG_8366.jpg\"><img loading=\"lazy\" decoding=\"async\" class=\"alignnone wp-image-252 size-medium\" src=\"http:\/\/www.kmtk.si\/wp-content\/uploads\/2017\/06\/IMG_8366-300x200.jpg\" alt=\"\" width=\"300\" height=\"200\" \/><\/a><\/p>\n<p style=\"text-align: center;\"><a href=\"http:\/\/www.kmtk.si\/wp-content\/uploads\/2017\/06\/IMG_8362.jpg\"><img loading=\"lazy\" decoding=\"async\" class=\"alignnone wp-image-249 size-medium\" src=\"http:\/\/www.kmtk.si\/wp-content\/uploads\/2017\/06\/IMG_8362-300x200.jpg\" alt=\"\" width=\"300\" height=\"200\" \/><\/a><\/p>\n<p style=\"text-align: center;\"><a href=\"http:\/\/www.kmtk.si\/wp-content\/uploads\/2017\/06\/Miss.jpg\"><img loading=\"lazy\" decoding=\"async\" class=\"alignnone size-medium wp-image-470\" src=\"http:\/\/www.kmtk.si\/wp-content\/uploads\/2017\/06\/Miss-300x200.jpg\" alt=\"\" width=\"300\" height=\"200\" \/><\/a><\/p>\n<p>Z osvojenim znanjem upravljanja radijsko vodenega modela je otrok bolj motiviran za izdelavo naslednjega letala, ki je zahtevnej\u0161e za upravljanje a bolj ubogljivo.<\/p>\n<p style=\"text-align: center;\"><a href=\"http:\/\/www.kmtk.si\/wp-content\/uploads\/2017\/06\/Idelovanje_Nizkokrilca.jpg\"><img loading=\"lazy\" decoding=\"async\" class=\"alignnone size-medium wp-image-418\" src=\"http:\/\/www.kmtk.si\/wp-content\/uploads\/2017\/06\/Idelovanje_Nizkokrilca-300x200.jpg\" alt=\"\" width=\"300\" height=\"200\" \/><\/a><\/p>\n<p style=\"text-align: center;\"><a href=\"http:\/\/www.kmtk.si\/wp-content\/uploads\/2017\/06\/DSF0241.jpg\"><img loading=\"lazy\" decoding=\"async\" class=\"alignnone wp-image-230 size-medium\" src=\"http:\/\/www.kmtk.si\/wp-content\/uploads\/2017\/06\/DSF0241-300x200.jpg\" alt=\"\" width=\"300\" height=\"200\" \/><\/a><\/p>\n<p style=\"text-align: center;\"><a href=\"http:\/\/www.kmtk.si\/wp-content\/uploads\/2017\/03\/Direktiva_o_varnosti_droni2016.pdf\">Direktiva o varnosti-droni 2016<\/a><\/p>\n","protected":false},"excerpt":{"rendered":"<p>Za\u017eeleno je predznanje, ki ga je otrok osvojil na modelarskem kro\u017eku za za\u010detnike. Otrok izdela motorno letalo na elektro pogon. \u00a0To je stabilno visokokrilno letalo namenjeno za\u010detnikom. Z osvojenim znanjem upravljanja radijsko vodenega modela je otrok bolj motiviran za izdelavo naslednjega letala, ki je zahtevnej\u0161e za upravljanje a bolj ubogljivo. Direktiva o varnosti-droni 2016<\/p>\n","protected":false},"author":1,"featured_media":0,"parent":145,"menu_order":0,"comment_status":"closed","ping_status":"closed","template":"","meta":{"footnotes":""},"_links":{"self":[{"href":"http:\/\/www.kmtk.si\/index.php\/wp-json\/wp\/v2\/pages\/114"}],"collection":[{"href":"http:\/\/www.kmtk.si\/index.php\/wp-json\/wp\/v2\/pages"}],"about":[{"href":"http:\/\/www.kmtk.si\/index.php\/wp-json\/wp\/v2\/types\/page"}],"author":[{"embeddable":true,"href":"http:\/\/www.kmtk.si\/index.php\/wp-json\/wp\/v2\/users\/1"}],"replies":[{"embeddable":true,"href":"http:\/\/www.kmtk.si\/index.php\/wp-json\/wp\/v2\/comments?post=114"}],"version-history":[{"count":27,"href":"http:\/\/www.kmtk.si\/index.php\/wp-json\/wp\/v2\/pages\/114\/revisions"}],"predecessor-version":[{"id":493,"href":"http:\/\/www.kmtk.si\/index.php\/wp-json\/wp\/v2\/pages\/114\/revisions\/493"}],"up":[{"embeddable":true,"href":"http:\/\/www.kmtk.si\/index.php\/wp-json\/wp\/v2\/pages\/145"}],"wp:attachment":[{"href":"http:\/\/www.kmtk.si\/index.php\/wp-json\/wp\/v2\/media?parent=114"}],"curies":[{"name":"wp","href":"https:\/\/api.w.org\/{rel}","templated":true}]}}