{"id":112,"date":"2017-03-14T23:04:02","date_gmt":"2017-03-14T23:04:02","guid":{"rendered":"http:\/\/www.kmtk.si\/?page_id=112"},"modified":"2017-06-29T15:00:25","modified_gmt":"2017-06-29T15:00:25","slug":"colni","status":"publish","type":"page","link":"http:\/\/www.kmtk.si\/index.php\/krozki\/colni\/","title":{"rendered":"\u010colni"},"content":{"rendered":"<p>Za\u017eeleno je predznanje iz kro\u017eka <a href=\"http:\/\/www.kmtk.si\/index.php\/modelarstvo-za-zacetnike\/\">modelarstvo za za\u010detnike<\/a><\/p>\n<p style=\"text-align: center;\"><a href=\"http:\/\/www.kmtk.si\/wp-content\/uploads\/2017\/03\/IMG_2179.jpg\"><img loading=\"lazy\" decoding=\"async\" class=\"alignnone size-medium wp-image-136\" src=\"http:\/\/www.kmtk.si\/wp-content\/uploads\/2017\/03\/IMG_2179-300x225.jpg\" alt=\"\" width=\"300\" height=\"225\" srcset=\"http:\/\/www.kmtk.si\/wp-content\/uploads\/2017\/03\/IMG_2179-300x225.jpg 300w, http:\/\/www.kmtk.si\/wp-content\/uploads\/2017\/03\/IMG_2179-768x576.jpg 768w, http:\/\/www.kmtk.si\/wp-content\/uploads\/2017\/03\/IMG_2179.jpg 800w\" sizes=\"(max-width: 300px) 100vw, 300px\" \/><\/a><\/p>\n<p>&nbsp;<\/p>\n<p>Izdelujemo radijsko vodene \u010dolne na elektro pogon. \u010colne na prosti spust smo opustili zaradi omejenih pogojev spu\u0161\u010danja. \u010colne se spu\u0161\u010da v sladki vodi in ne v morju zaradi korozije.<\/p>\n<p style=\"text-align: center;\"><a href=\"http:\/\/www.kmtk.si\/wp-content\/uploads\/2017\/03\/IMG_2172.jpg\"><img loading=\"lazy\" decoding=\"async\" class=\"alignnone size-medium wp-image-131\" src=\"http:\/\/www.kmtk.si\/wp-content\/uploads\/2017\/03\/IMG_2172-300x225.jpg\" alt=\"\" width=\"300\" height=\"225\" srcset=\"http:\/\/www.kmtk.si\/wp-content\/uploads\/2017\/03\/IMG_2172-300x225.jpg 300w, http:\/\/www.kmtk.si\/wp-content\/uploads\/2017\/03\/IMG_2172-768x576.jpg 768w, http:\/\/www.kmtk.si\/wp-content\/uploads\/2017\/03\/IMG_2172.jpg 800w\" sizes=\"(max-width: 300px) 100vw, 300px\" \/><\/a><\/p>\n<p>&nbsp;<\/p>\n<p>Konstrukcija \u010dolna je iz vodoodporne vezanke in balse, zunanjost prekrijemo s steklenimi vlakni in smolo. Zadostuje dvo-kanalna radijska naprava (smer in plin).<\/p>\n<p style=\"text-align: center;\"><a href=\"http:\/\/www.kmtk.si\/wp-content\/uploads\/2017\/06\/Notranjost_Colna-e1498748388123.jpg\"><img loading=\"lazy\" decoding=\"async\" class=\"alignnone size-medium wp-image-474\" src=\"http:\/\/www.kmtk.si\/wp-content\/uploads\/2017\/06\/Notranjost_Colna-300x200.jpg\" alt=\"\" width=\"300\" height=\"200\" \/><\/a><\/p>\n<p style=\"text-align: center;\"><a href=\"http:\/\/www.kmtk.si\/wp-content\/uploads\/2017\/06\/DSF0141.jpg\"><img loading=\"lazy\" decoding=\"async\" class=\"alignnone wp-image-215 size-medium\" src=\"http:\/\/www.kmtk.si\/wp-content\/uploads\/2017\/06\/DSF0141-300x200.jpg\" alt=\"\" width=\"300\" height=\"200\" \/><\/a><\/p>\n<p>&nbsp;<\/p>\n","protected":false},"excerpt":{"rendered":"<p>Za\u017eeleno je predznanje iz kro\u017eka modelarstvo za za\u010detnike &nbsp; Izdelujemo radijsko vodene \u010dolne na elektro pogon. \u010colne na prosti spust smo opustili zaradi omejenih pogojev spu\u0161\u010danja. \u010colne se spu\u0161\u010da v sladki vodi in ne v morju zaradi korozije. &nbsp; Konstrukcija \u010dolna je iz vodoodporne vezanke in balse, zunanjost prekrijemo s steklenimi vlakni in smolo. Zadostuje &hellip; <\/p>\n<p class=\"link-more\"><a href=\"http:\/\/www.kmtk.si\/index.php\/krozki\/colni\/\" class=\"more-link\">Preberi ve\u010d<span class=\"screen-reader-text\"> &#8220;\u010colni&#8221;<\/span><\/a><\/p>\n","protected":false},"author":1,"featured_media":0,"parent":145,"menu_order":0,"comment_status":"closed","ping_status":"closed","template":"","meta":{"footnotes":""},"_links":{"self":[{"href":"http:\/\/www.kmtk.si\/index.php\/wp-json\/wp\/v2\/pages\/112"}],"collection":[{"href":"http:\/\/www.kmtk.si\/index.php\/wp-json\/wp\/v2\/pages"}],"about":[{"href":"http:\/\/www.kmtk.si\/index.php\/wp-json\/wp\/v2\/types\/page"}],"author":[{"embeddable":true,"href":"http:\/\/www.kmtk.si\/index.php\/wp-json\/wp\/v2\/users\/1"}],"replies":[{"embeddable":true,"href":"http:\/\/www.kmtk.si\/index.php\/wp-json\/wp\/v2\/comments?post=112"}],"version-history":[{"count":10,"href":"http:\/\/www.kmtk.si\/index.php\/wp-json\/wp\/v2\/pages\/112\/revisions"}],"predecessor-version":[{"id":475,"href":"http:\/\/www.kmtk.si\/index.php\/wp-json\/wp\/v2\/pages\/112\/revisions\/475"}],"up":[{"embeddable":true,"href":"http:\/\/www.kmtk.si\/index.php\/wp-json\/wp\/v2\/pages\/145"}],"wp:attachment":[{"href":"http:\/\/www.kmtk.si\/index.php\/wp-json\/wp\/v2\/media?parent=112"}],"curies":[{"name":"wp","href":"https:\/\/api.w.org\/{rel}","templated":true}]}}