{"id":109,"date":"2017-03-14T23:02:13","date_gmt":"2017-03-14T23:02:13","guid":{"rendered":"http:\/\/www.kmtk.si\/?page_id=109"},"modified":"2017-06-30T12:32:59","modified_gmt":"2017-06-30T12:32:59","slug":"jadrnice","status":"publish","type":"page","link":"http:\/\/www.kmtk.si\/index.php\/krozki\/jadrnice\/","title":{"rendered":"Jadrnice"},"content":{"rendered":"<p>Za\u017eeljeno je predznanje, ki ga je otrok osvojil na <a href=\"http:\/\/www.kmtk.si\/index.php\/modelarstvo-za-zacetnike\/\">modelarskem kro\u017eku za za\u010detnike<\/a>.<\/p>\n<p>Prva jadrnica bo lesena, dolga 500mm, namenjena prostem spustu (ni radijsko vodena).<\/p>\n<p style=\"text-align: center;\"><a href=\"http:\/\/www.kmtk.si\/wp-content\/uploads\/2017\/06\/Jadrnica-brez-radijskega-vodenja.jpg\"><img loading=\"lazy\" decoding=\"async\" class=\"wp-image-202 size-medium aligncenter\" src=\"http:\/\/www.kmtk.si\/wp-content\/uploads\/2017\/06\/Jadrnica-brez-radijskega-vodenja-200x300.jpg\" alt=\"\" width=\"200\" height=\"300\" \/><\/a><\/p>\n<p style=\"text-align: center;\"><a href=\"http:\/\/www.kmtk.si\/wp-content\/uploads\/2017\/06\/Jadrnica.jpg\"><img loading=\"lazy\" decoding=\"async\" class=\"alignnone wp-image-357 size-medium\" src=\"http:\/\/www.kmtk.si\/wp-content\/uploads\/2017\/06\/Jadrnica-300x200.jpg\" alt=\"\" width=\"300\" height=\"200\" \/><\/a><\/p>\n<p style=\"text-align: center;\"><a href=\"http:\/\/www.kmtk.si\/wp-content\/uploads\/2017\/06\/DSF0292.jpg\"><img loading=\"lazy\" decoding=\"async\" class=\"alignnone wp-image-271 size-medium\" src=\"http:\/\/www.kmtk.si\/wp-content\/uploads\/2017\/06\/DSF0292-300x200.jpg\" alt=\"\" width=\"300\" height=\"200\" \/><\/a><\/p>\n<p style=\"text-align: center;\"><a href=\"http:\/\/www.kmtk.si\/wp-content\/uploads\/2017\/06\/Koncana_Jadrnica_Jozef-e1498656826762.jpg\"><img loading=\"lazy\" decoding=\"async\" class=\"alignnone size-medium wp-image-424\" src=\"http:\/\/www.kmtk.si\/wp-content\/uploads\/2017\/06\/Koncana_Jadrnica_Jozef-200x300.jpg\" alt=\"\" width=\"200\" height=\"300\" \/><\/a><\/p>\n<p>Druga (v naslednjem letu) bo izdelana iz poliestra v kalupu dol\u017eine 750mm. Na izbiro bo jadrnica na prosti spust ali radijsko vodena razli\u010dica.<\/p>\n<p style=\"text-align: center;\"><a href=\"http:\/\/www.kmtk.si\/wp-content\/uploads\/2017\/06\/Miha-folpo.jpg\"><img loading=\"lazy\" decoding=\"async\" class=\"alignnone size-medium wp-image-426\" src=\"http:\/\/www.kmtk.si\/wp-content\/uploads\/2017\/06\/Miha-folpo-300x225.jpg\" alt=\"\" width=\"300\" height=\"225\" srcset=\"http:\/\/www.kmtk.si\/wp-content\/uploads\/2017\/06\/Miha-folpo-300x225.jpg 300w, http:\/\/www.kmtk.si\/wp-content\/uploads\/2017\/06\/Miha-folpo.jpg 640w\" sizes=\"(max-width: 300px) 100vw, 300px\" \/><\/a><\/p>\n<p style=\"text-align: center;\"><a href=\"http:\/\/www.kmtk.si\/wp-content\/uploads\/2017\/06\/Izdelovanje-jadrnice.jpg\"><img loading=\"lazy\" decoding=\"async\" class=\"alignnone wp-image-199 size-medium\" src=\"http:\/\/www.kmtk.si\/wp-content\/uploads\/2017\/06\/Izdelovanje-jadrnice-300x200.jpg\" alt=\"\" width=\"300\" height=\"200\" \/><\/a><\/p>\n<p>Mladostnik\u00a0spozna specifi\u010dne dele jadrnice in njihov pomen, spozna nastavitve jader in smeri vetra. Pozna nastavitve za plovbo v veter in z vetrom.<\/p>\n<p style=\"text-align: center;\"><a href=\"http:\/\/www.kmtk.si\/wp-content\/uploads\/2017\/06\/Jadrnica-na-radijsko-vodenje.jpg\"><img loading=\"lazy\" decoding=\"async\" class=\"alignnone wp-image-205 size-medium\" src=\"http:\/\/www.kmtk.si\/wp-content\/uploads\/2017\/06\/Jadrnica-na-radijsko-vodenje-200x300.jpg\" alt=\"\" width=\"200\" height=\"300\" \/><\/a><\/p>\n<p><a href=\"http:\/\/www.kmtk.si\/index.php\/radijsko-vodenje-modelov\/\">Radijsko vodena razli\u010dica<\/a> je zahtevnej\u0161a (materialno in tehni\u010dno), nudi pa ve\u010d zadovoljstva in svobode pri spu\u0161\u010danju.<\/p>\n<p style=\"text-align: center;\"><a href=\"http:\/\/www.kmtk.si\/wp-content\/uploads\/2017\/03\/IMG_3252.jpg\"><img loading=\"lazy\" decoding=\"async\" class=\"alignnone size-medium wp-image-110\" src=\"http:\/\/www.kmtk.si\/wp-content\/uploads\/2017\/03\/IMG_3252-300x225.jpg\" alt=\"\" width=\"300\" height=\"225\" srcset=\"http:\/\/www.kmtk.si\/wp-content\/uploads\/2017\/03\/IMG_3252-300x225.jpg 300w, http:\/\/www.kmtk.si\/wp-content\/uploads\/2017\/03\/IMG_3252-768x576.jpg 768w, http:\/\/www.kmtk.si\/wp-content\/uploads\/2017\/03\/IMG_3252.jpg 800w\" sizes=\"(max-width: 300px) 100vw, 300px\" \/><\/a><\/p>\n<p style=\"text-align: center;\"><a href=\"http:\/\/www.kmtk.si\/wp-content\/uploads\/2017\/06\/Jadrnica_Na_Morju.jpg\"><img loading=\"lazy\" decoding=\"async\" class=\"alignnone size-medium wp-image-421\" src=\"http:\/\/www.kmtk.si\/wp-content\/uploads\/2017\/06\/Jadrnica_Na_Morju-200x300.jpg\" alt=\"\" width=\"200\" height=\"300\" \/><\/a><\/p>\n<p>V na\u0161em klubu nismo tekmovalno usmerjeni. Jadranje nam je v zadovoljstvo; namenjeno je dru\u017eenju in primerjanju modelov. Kdor si \u017eeli regatnega tekmovanja, bo dele\u017een vseh informacij.<\/p>\n<p><strong>Sestava jadrnice:<\/strong><\/p>\n<p style=\"text-align: center;\"><a href=\"http:\/\/www.kmtk.si\/wp-content\/uploads\/2017\/06\/Deli-jadrnice-e1498145250378.jpg\"><img loading=\"lazy\" decoding=\"async\" class=\"size-medium wp-image-383 alignleft\" src=\"http:\/\/www.kmtk.si\/wp-content\/uploads\/2017\/06\/Deli-jadrnice-200x300.jpg\" alt=\"\" width=\"200\" height=\"300\" \/><\/a><\/p>\n<p>&nbsp;<\/p>\n<p>&nbsp;<\/p>\n<p>&nbsp;<\/p>\n<p>&nbsp;<\/p>\n<p>&nbsp;<\/p>\n<p>&nbsp;<\/p>\n<p>&nbsp;<\/p>\n<p><strong>Izdelovanje svin\u010dene ute\u017ei za kobilico jadrnice:<\/strong><\/p>\n<p>Ute\u017e se nahaja na spodnjem delu kobilice, ki zagotovi jadrnici stabilnost in prepre\u010di prevra\u010danje. Za te modele jadrnic se izdela ute\u017e iz svinca, ki se ga ulije v kalup.<\/p>\n<figure id=\"attachment_392\" aria-describedby=\"caption-attachment-392\" style=\"width: 300px\" class=\"wp-caption alignnone\"><a href=\"http:\/\/www.kmtk.si\/wp-content\/uploads\/2017\/06\/Modela_Kobilic.jpg\"><img loading=\"lazy\" decoding=\"async\" class=\"wp-image-392 size-medium\" src=\"http:\/\/www.kmtk.si\/wp-content\/uploads\/2017\/06\/Modela_Kobilic-300x200.jpg\" alt=\"\" width=\"300\" height=\"200\" srcset=\"http:\/\/www.kmtk.si\/wp-content\/uploads\/2017\/06\/Modela_Kobilic-300x200.jpg 300w, http:\/\/www.kmtk.si\/wp-content\/uploads\/2017\/06\/Modela_Kobilic-768x512.jpg 768w, http:\/\/www.kmtk.si\/wp-content\/uploads\/2017\/06\/Modela_Kobilic-1024x683.jpg 1024w\" sizes=\"(max-width: 300px) 100vw, 300px\" \/><\/a><figcaption id=\"caption-attachment-392\" class=\"wp-caption-text\">Lesena modela ute\u017ei<\/figcaption><\/figure>\n<p>Model se nato oblije z mavcem. Nastaneta dva dela kalupa, v katerega se potem uliva svinec.<\/p>\n<figure id=\"attachment_427\" aria-describedby=\"caption-attachment-427\" style=\"width: 300px\" class=\"wp-caption alignnone\"><a href=\"http:\/\/www.kmtk.si\/wp-content\/uploads\/2017\/06\/Model_Pripravljen_Za_Izdelavo_Kalupa-e1498656783947.jpg\"><img loading=\"lazy\" decoding=\"async\" class=\"wp-image-427 size-medium\" src=\"http:\/\/www.kmtk.si\/wp-content\/uploads\/2017\/06\/Model_Pripravljen_Za_Izdelavo_Kalupa-300x200.jpg\" alt=\"\" width=\"300\" height=\"200\" \/><\/a><figcaption id=\"caption-attachment-427\" class=\"wp-caption-text\">Model pripravljen za\u00a0ulivanje mavca<\/figcaption><\/figure>\n<figure id=\"attachment_433\" aria-describedby=\"caption-attachment-433\" style=\"width: 300px\" class=\"wp-caption alignnone\"><a href=\"http:\/\/www.kmtk.si\/wp-content\/uploads\/2017\/06\/Pripravljanje_Na_Izdelavo_2._Polovice_Kalupa-e1498656643371.jpg\"><img loading=\"lazy\" decoding=\"async\" class=\"wp-image-433 size-medium\" src=\"http:\/\/www.kmtk.si\/wp-content\/uploads\/2017\/06\/Pripravljanje_Na_Izdelavo_2._Polovice_Kalupa-300x200.jpg\" alt=\"\" width=\"300\" height=\"200\" \/><\/a><figcaption id=\"caption-attachment-433\" class=\"wp-caption-text\">Pripravljanje na izdelavo 2. polovice kalupa<\/figcaption><\/figure>\n<figure id=\"attachment_238\" aria-describedby=\"caption-attachment-238\" style=\"width: 300px\" class=\"wp-caption alignleft\"><a href=\"http:\/\/www.kmtk.si\/wp-content\/uploads\/2017\/06\/IMG_2001.jpg\"><img loading=\"lazy\" decoding=\"async\" class=\"wp-image-238 size-medium\" src=\"http:\/\/www.kmtk.si\/wp-content\/uploads\/2017\/06\/IMG_2001-300x200.jpg\" alt=\"\" width=\"300\" height=\"200\" \/><\/a><figcaption id=\"caption-attachment-238\" class=\"wp-caption-text\">Dvodelni kalup<\/figcaption><\/figure>\n<figure id=\"attachment_237\" aria-describedby=\"caption-attachment-237\" style=\"width: 300px\" class=\"wp-caption alignleft\"><a href=\"http:\/\/www.kmtk.si\/wp-content\/uploads\/2017\/06\/IMG_1999-e1497962007272.jpg\"><img loading=\"lazy\" decoding=\"async\" class=\"wp-image-237 size-medium\" src=\"http:\/\/www.kmtk.si\/wp-content\/uploads\/2017\/06\/IMG_1999-300x200.jpg\" alt=\"\" width=\"300\" height=\"200\" \/><\/a><figcaption id=\"caption-attachment-237\" class=\"wp-caption-text\">Taljenje svinca nad 300 \u00b0C<\/figcaption><\/figure>\n<figure id=\"attachment_239\" aria-describedby=\"caption-attachment-239\" style=\"width: 300px\" class=\"wp-caption alignnone\"><a href=\"http:\/\/www.kmtk.si\/wp-content\/uploads\/2017\/06\/IMG_2010.jpg\"><img loading=\"lazy\" decoding=\"async\" class=\"wp-image-239 size-medium\" src=\"http:\/\/www.kmtk.si\/wp-content\/uploads\/2017\/06\/IMG_2010-300x200.jpg\" alt=\"\" width=\"300\" height=\"200\" \/><\/a><figcaption id=\"caption-attachment-239\" class=\"wp-caption-text\">Hlajenje svinca v kalupu<\/figcaption><\/figure>\n<p>Ko se odlitek vrne na sobno temperaturo ga vzamemo iz kalupa in nato \u0161e obdelamo.<\/p>\n<figure id=\"attachment_240\" aria-describedby=\"caption-attachment-240\" style=\"width: 300px\" class=\"wp-caption alignnone\"><a href=\"http:\/\/www.kmtk.si\/wp-content\/uploads\/2017\/06\/IMG_2012.jpg\"><img loading=\"lazy\" decoding=\"async\" class=\"wp-image-240 size-medium\" src=\"http:\/\/www.kmtk.si\/wp-content\/uploads\/2017\/06\/IMG_2012-300x200.jpg\" alt=\"\" width=\"300\" height=\"200\" \/><\/a><figcaption id=\"caption-attachment-240\" class=\"wp-caption-text\">Kon\u010dan odlitek<\/figcaption><\/figure>\n<p style=\"text-align: center;\">Sledi \u0161e za\u0161\u010ditni sloj barve, ki varuje ute\u017e pred zunanjimi vplivi.<\/p>\n<figure id=\"attachment_389\" aria-describedby=\"caption-attachment-389\" style=\"width: 300px\" class=\"wp-caption alignnone\"><a href=\"http:\/\/www.kmtk.si\/wp-content\/uploads\/2017\/06\/Koncana_Utez_Kobilica-e1498146162838.jpg\"><img loading=\"lazy\" decoding=\"async\" class=\"wp-image-389 size-medium\" src=\"http:\/\/www.kmtk.si\/wp-content\/uploads\/2017\/06\/Koncana_Utez_Kobilica-300x200.jpg\" alt=\"\" width=\"300\" height=\"200\" \/><\/a><figcaption id=\"caption-attachment-389\" class=\"wp-caption-text\">Pobarvana ute\u017e<\/figcaption><\/figure>\n<p style=\"text-align: center;\">Ute\u017e se nato pritrdi \u00a0na kobilico ki je ponavadi izdelana iz aluminija ali pa kot na fotografiji iz ogljikovih vlaken.<\/p>\n<figure id=\"attachment_390\" aria-describedby=\"caption-attachment-390\" style=\"width: 200px\" class=\"wp-caption alignnone\"><a href=\"http:\/\/www.kmtk.si\/wp-content\/uploads\/2017\/06\/Kobilica-e1498147962835.jpg\"><img loading=\"lazy\" decoding=\"async\" class=\"wp-image-390 size-medium\" src=\"http:\/\/www.kmtk.si\/wp-content\/uploads\/2017\/06\/Kobilica-200x300.jpg\" alt=\"\" width=\"200\" height=\"300\" \/><\/a><figcaption id=\"caption-attachment-390\" class=\"wp-caption-text\">Ute\u017e na kobilici<\/figcaption><\/figure>\n","protected":false},"excerpt":{"rendered":"<p>Za\u017eeljeno je predznanje, ki ga je otrok osvojil na modelarskem kro\u017eku za za\u010detnike. Prva jadrnica bo lesena, dolga 500mm, namenjena prostem spustu (ni radijsko vodena). Druga (v naslednjem letu) bo izdelana iz poliestra v kalupu dol\u017eine 750mm. Na izbiro bo jadrnica na prosti spust ali radijsko vodena razli\u010dica. Mladostnik\u00a0spozna specifi\u010dne dele jadrnice in njihov pomen, &hellip; <\/p>\n<p class=\"link-more\"><a href=\"http:\/\/www.kmtk.si\/index.php\/krozki\/jadrnice\/\" class=\"more-link\">Preberi ve\u010d<span class=\"screen-reader-text\"> &#8220;Jadrnice&#8221;<\/span><\/a><\/p>\n","protected":false},"author":1,"featured_media":0,"parent":145,"menu_order":0,"comment_status":"closed","ping_status":"closed","template":"","meta":{"footnotes":""},"_links":{"self":[{"href":"http:\/\/www.kmtk.si\/index.php\/wp-json\/wp\/v2\/pages\/109"}],"collection":[{"href":"http:\/\/www.kmtk.si\/index.php\/wp-json\/wp\/v2\/pages"}],"about":[{"href":"http:\/\/www.kmtk.si\/index.php\/wp-json\/wp\/v2\/types\/page"}],"author":[{"embeddable":true,"href":"http:\/\/www.kmtk.si\/index.php\/wp-json\/wp\/v2\/users\/1"}],"replies":[{"embeddable":true,"href":"http:\/\/www.kmtk.si\/index.php\/wp-json\/wp\/v2\/comments?post=109"}],"version-history":[{"count":52,"href":"http:\/\/www.kmtk.si\/index.php\/wp-json\/wp\/v2\/pages\/109\/revisions"}],"predecessor-version":[{"id":479,"href":"http:\/\/www.kmtk.si\/index.php\/wp-json\/wp\/v2\/pages\/109\/revisions\/479"}],"up":[{"embeddable":true,"href":"http:\/\/www.kmtk.si\/index.php\/wp-json\/wp\/v2\/pages\/145"}],"wp:attachment":[{"href":"http:\/\/www.kmtk.si\/index.php\/wp-json\/wp\/v2\/media?parent=109"}],"curies":[{"name":"wp","href":"https:\/\/api.w.org\/{rel}","templated":true}]}}