{"id":107,"date":"2017-03-14T22:59:22","date_gmt":"2017-03-14T22:59:22","guid":{"rendered":"http:\/\/www.kmtk.si\/?page_id=107"},"modified":"2017-06-20T12:50:57","modified_gmt":"2017-06-20T12:50:57","slug":"uporabni-izdelki-in-okraski","status":"publish","type":"page","link":"http:\/\/www.kmtk.si\/index.php\/krozki\/uporabni-izdelki-in-okraski\/","title":{"rendered":"Uporabni izdelki in okraski"},"content":{"rendered":"<p>Za\u017eeleno je predznanje iz kro\u017eka modelarstvo za za\u010detnike.<\/p>\n<p style=\"text-align: center;\"><a href=\"http:\/\/www.kmtk.si\/wp-content\/uploads\/2017\/06\/DSF0152.jpg\"><img loading=\"lazy\" decoding=\"async\" class=\"alignnone wp-image-221 size-medium\" src=\"http:\/\/www.kmtk.si\/wp-content\/uploads\/2017\/06\/DSF0152-300x200.jpg\" alt=\"\" width=\"300\" height=\"200\" \/><\/a><\/p>\n<p>Izdelkov je ve\u010d in so narejeni iz raznih lesenih polizdelkov (vezane plo\u0161\u010de, lepljena smrekovina&#8230;). Velikokrat izdelujemo po na\u010drtih iz revije TIM. Otroku pomagamo pri realizacije lastne zamisli do kon\u010dnega izdelka.<\/p>\n<p style=\"text-align: center;\"><a href=\"http:\/\/www.kmtk.si\/wp-content\/uploads\/2017\/06\/DSF0224.jpg\"><img loading=\"lazy\" decoding=\"async\" class=\"alignnone wp-image-227 size-medium\" src=\"http:\/\/www.kmtk.si\/wp-content\/uploads\/2017\/06\/DSF0224-300x200.jpg\" alt=\"\" width=\"300\" height=\"200\" \/><\/a><\/p>\n","protected":false},"excerpt":{"rendered":"<p>Za\u017eeleno je predznanje iz kro\u017eka modelarstvo za za\u010detnike. Izdelkov je ve\u010d in so narejeni iz raznih lesenih polizdelkov (vezane plo\u0161\u010de, lepljena smrekovina&#8230;). Velikokrat izdelujemo po na\u010drtih iz revije TIM. Otroku pomagamo pri realizacije lastne zamisli do kon\u010dnega izdelka.<\/p>\n","protected":false},"author":1,"featured_media":0,"parent":145,"menu_order":0,"comment_status":"closed","ping_status":"closed","template":"","meta":{"footnotes":""},"_links":{"self":[{"href":"http:\/\/www.kmtk.si\/index.php\/wp-json\/wp\/v2\/pages\/107"}],"collection":[{"href":"http:\/\/www.kmtk.si\/index.php\/wp-json\/wp\/v2\/pages"}],"about":[{"href":"http:\/\/www.kmtk.si\/index.php\/wp-json\/wp\/v2\/types\/page"}],"author":[{"embeddable":true,"href":"http:\/\/www.kmtk.si\/index.php\/wp-json\/wp\/v2\/users\/1"}],"replies":[{"embeddable":true,"href":"http:\/\/www.kmtk.si\/index.php\/wp-json\/wp\/v2\/comments?post=107"}],"version-history":[{"count":9,"href":"http:\/\/www.kmtk.si\/index.php\/wp-json\/wp\/v2\/pages\/107\/revisions"}],"predecessor-version":[{"id":373,"href":"http:\/\/www.kmtk.si\/index.php\/wp-json\/wp\/v2\/pages\/107\/revisions\/373"}],"up":[{"embeddable":true,"href":"http:\/\/www.kmtk.si\/index.php\/wp-json\/wp\/v2\/pages\/145"}],"wp:attachment":[{"href":"http:\/\/www.kmtk.si\/index.php\/wp-json\/wp\/v2\/media?parent=107"}],"curies":[{"name":"wp","href":"https:\/\/api.w.org\/{rel}","templated":true}]}}