{"id":101,"date":"2017-03-14T22:57:38","date_gmt":"2017-03-14T22:57:38","guid":{"rendered":"http:\/\/www.kmtk.si\/?page_id=101"},"modified":"2017-06-29T15:44:44","modified_gmt":"2017-06-29T15:44:44","slug":"staticni-modeli-in-makete","status":"publish","type":"page","link":"http:\/\/www.kmtk.si\/index.php\/krozki\/staticni-modeli-in-makete\/","title":{"rendered":"Stati\u010dni modeli in makete"},"content":{"rendered":"<p>Za\u017eeljeno je predznanje modelarstva za za\u010detnike.<\/p>\n<p style=\"text-align: center;\"><a href=\"http:\/\/www.kmtk.si\/wp-content\/uploads\/2017\/06\/Maketa_Ladje.jpg\"><img loading=\"lazy\" decoding=\"async\" class=\"alignnone size-medium wp-image-425\" src=\"http:\/\/www.kmtk.si\/wp-content\/uploads\/2017\/06\/Maketa_Ladje-300x200.jpg\" alt=\"\" width=\"300\" height=\"200\" \/><\/a><\/p>\n<p>Najprej upo\u0161tevamo \u017eeljo otrok ali pa poi\u0161\u010demo skupaj primeren izdelek. Potrebna je ve\u010dja natan\u010dnost kot pri za\u010detnih izdelkih, kdor natan\u010dno \u017eaga veliko profitira pri naslednjih fazah izdelave.<\/p>\n<p style=\"text-align: center;\"><a href=\"http:\/\/www.kmtk.si\/wp-content\/uploads\/2017\/03\/IMG_1999.jpg\"><img loading=\"lazy\" decoding=\"async\" class=\"alignnone size-medium wp-image-103\" src=\"http:\/\/www.kmtk.si\/wp-content\/uploads\/2017\/03\/IMG_1999-300x225.jpg\" alt=\"\" width=\"300\" height=\"225\" srcset=\"http:\/\/www.kmtk.si\/wp-content\/uploads\/2017\/03\/IMG_1999-300x225.jpg 300w, http:\/\/www.kmtk.si\/wp-content\/uploads\/2017\/03\/IMG_1999.jpg 600w\" sizes=\"(max-width: 300px) 100vw, 300px\" \/><\/a><\/p>\n<p>Za sestavljanje modelov je v pomo\u010d na\u010drt in to je odli\u010dna prilo\u017enost za u\u010denje branja na\u010drta. Pri barvanju se otroci nau\u010dijo od osnov kako dr\u017eati \u010dopi\u010d do uporabe in razlikovanja raznih barv.<\/p>\n<p style=\"text-align: center;\"><a href=\"http:\/\/www.kmtk.si\/wp-content\/uploads\/2017\/03\/IMG_2312.jpg\"><img loading=\"lazy\" decoding=\"async\" class=\"alignnone size-medium wp-image-104\" src=\"http:\/\/www.kmtk.si\/wp-content\/uploads\/2017\/03\/IMG_2312-300x225.jpg\" alt=\"\" width=\"300\" height=\"225\" srcset=\"http:\/\/www.kmtk.si\/wp-content\/uploads\/2017\/03\/IMG_2312-300x225.jpg 300w, http:\/\/www.kmtk.si\/wp-content\/uploads\/2017\/03\/IMG_2312-768x576.jpg 768w, http:\/\/www.kmtk.si\/wp-content\/uploads\/2017\/03\/IMG_2312.jpg 800w\" sizes=\"(max-width: 300px) 100vw, 300px\" \/><\/a><\/p>\n<p style=\"text-align: center;\"><a href=\"http:\/\/www.kmtk.si\/wp-content\/uploads\/2017\/06\/DSF0244.jpg\"><img loading=\"lazy\" decoding=\"async\" class=\"alignnone wp-image-266 size-medium\" src=\"http:\/\/www.kmtk.si\/wp-content\/uploads\/2017\/06\/DSF0244-300x200.jpg\" alt=\"\" width=\"300\" height=\"200\" \/><\/a><\/p>\n<p style=\"text-align: center;\">Z ve\u010d vztrajnosti se naredi tudi kompleksnej\u0161e makete:<\/p>\n<p style=\"text-align: center;\"><a href=\"http:\/\/www.kmtk.si\/wp-content\/uploads\/2017\/06\/Izdelovanje_Makete_Jeepa.jpg\"><img loading=\"lazy\" decoding=\"async\" class=\"alignnone size-medium wp-image-420\" src=\"http:\/\/www.kmtk.si\/wp-content\/uploads\/2017\/06\/Izdelovanje_Makete_Jeepa-300x200.jpg\" alt=\"\" width=\"300\" height=\"200\" \/><\/a><\/p>\n<p style=\"text-align: center;\"><a href=\"http:\/\/www.kmtk.si\/wp-content\/uploads\/2017\/06\/Starodobnik_V_Izdelavi.jpg\"><img loading=\"lazy\" decoding=\"async\" class=\"alignnone size-medium wp-image-436\" src=\"http:\/\/www.kmtk.si\/wp-content\/uploads\/2017\/06\/Starodobnik_V_Izdelavi-300x200.jpg\" alt=\"\" width=\"300\" height=\"200\" \/><\/a><\/p>\n<p style=\"text-align: center;\"><a href=\"http:\/\/www.kmtk.si\/wp-content\/uploads\/2017\/06\/Starodobnik.jpg\"><img loading=\"lazy\" decoding=\"async\" class=\"alignnone size-medium wp-image-435\" src=\"http:\/\/www.kmtk.si\/wp-content\/uploads\/2017\/06\/Starodobnik-300x200.jpg\" alt=\"\" width=\"300\" height=\"200\" \/><\/a><\/p>\n","protected":false},"excerpt":{"rendered":"<p>Za\u017eeljeno je predznanje modelarstva za za\u010detnike. Najprej upo\u0161tevamo \u017eeljo otrok ali pa poi\u0161\u010demo skupaj primeren izdelek. Potrebna je ve\u010dja natan\u010dnost kot pri za\u010detnih izdelkih, kdor natan\u010dno \u017eaga veliko profitira pri naslednjih fazah izdelave. Za sestavljanje modelov je v pomo\u010d na\u010drt in to je odli\u010dna prilo\u017enost za u\u010denje branja na\u010drta. Pri barvanju se otroci nau\u010dijo od &hellip; <\/p>\n<p class=\"link-more\"><a href=\"http:\/\/www.kmtk.si\/index.php\/krozki\/staticni-modeli-in-makete\/\" class=\"more-link\">Preberi ve\u010d<span class=\"screen-reader-text\"> &#8220;Stati\u010dni modeli in makete&#8221;<\/span><\/a><\/p>\n","protected":false},"author":1,"featured_media":0,"parent":145,"menu_order":0,"comment_status":"closed","ping_status":"closed","template":"","meta":{"footnotes":""},"_links":{"self":[{"href":"http:\/\/www.kmtk.si\/index.php\/wp-json\/wp\/v2\/pages\/101"}],"collection":[{"href":"http:\/\/www.kmtk.si\/index.php\/wp-json\/wp\/v2\/pages"}],"about":[{"href":"http:\/\/www.kmtk.si\/index.php\/wp-json\/wp\/v2\/types\/page"}],"author":[{"embeddable":true,"href":"http:\/\/www.kmtk.si\/index.php\/wp-json\/wp\/v2\/users\/1"}],"replies":[{"embeddable":true,"href":"http:\/\/www.kmtk.si\/index.php\/wp-json\/wp\/v2\/comments?post=101"}],"version-history":[{"count":13,"href":"http:\/\/www.kmtk.si\/index.php\/wp-json\/wp\/v2\/pages\/101\/revisions"}],"predecessor-version":[{"id":477,"href":"http:\/\/www.kmtk.si\/index.php\/wp-json\/wp\/v2\/pages\/101\/revisions\/477"}],"up":[{"embeddable":true,"href":"http:\/\/www.kmtk.si\/index.php\/wp-json\/wp\/v2\/pages\/145"}],"wp:attachment":[{"href":"http:\/\/www.kmtk.si\/index.php\/wp-json\/wp\/v2\/media?parent=101"}],"curies":[{"name":"wp","href":"https:\/\/api.w.org\/{rel}","templated":true}]}}